{"id":9335,"date":"2015-08-14T17:07:37","date_gmt":"2015-08-14T16:07:37","guid":{"rendered":"http:\/\/www.photobooth.lu\/?page_id=9335"},"modified":"2016-06-24T10:37:57","modified_gmt":"2016-06-24T09:37:57","slug":"the-wedding-package","status":"publish","type":"page","link":"https:\/\/www.photobooth.lu\/fr\/the-wedding-package\/","title":{"rendered":"Le Forfait Mariage"},"content":{"rendered":"[vc_row no_margin=\u00a0\u00bbtrue\u00a0\u00bb bg_image=\u00a0\u00bb9336&Prime;][vc_column width=\u00a0\u00bb1\/2&Prime;]<hr  class=\"x-gap\" style=\"margin: 5px 0 0 0;\">[\/vc_column][vc_column width=\u00a0\u00bb1\/2&Prime;][vc_row_inner no_margin=\u00a0\u00bbtrue\u00a0\u00bb bg_image=\u00a0\u00bb9347&Prime;][vc_column_inner width=\u00a0\u00bb1\/1&Prime;]<img  class=\"x-img left\" style=\"width: 400px; display: block; margin-left: auto; margin-right: auto;\" src=\"https:\/\/www.photobooth.lu\/wp-content\/uploads\/2016\/04\/forfait_mariage.png\" >[\/vc_column_inner][\/vc_row_inner][\/vc_column][\/vc_row][vc_row inner_container=\u00a0\u00bbtrue\u00a0\u00bb no_margin=\u00a0\u00bbtrue\u00a0\u00bb][vc_column width=\u00a0\u00bb1\/2&Prime; font_color=\u00a0\u00bb#8e8e8e\u00a0\u00bb]<hr  class=\"x-gap\" style=\"margin: 25px 0 0 0;\"><h3 style=\"text-align: left;\"><span style=\"color: #434244;\">Le PhotoBooth Mariage<\/span><\/h3>\n<p style=\"text-align: left;\"><span style=\"color: #999999;\">Notre forfait comprend 2 heures d\u2019activit\u00e9, avec mise en avant de la cabine et les impressions illimit\u00e9es. Notre photobooth mariage convient \u00e0 tous types de mariages gr\u00e2ce \u00e0 l\u2019habillage sp\u00e9cial pr\u00e9vu pour ceux-ci. Ses panneaux blancs et ses belles illustrations, vos invit\u00e9s seront imm\u00e9diatement attir\u00e9s par elle.<\/span><\/p>\n<hr  class=\"x-gap\" style=\"margin: 15px 0 0 0;\"><span id=\"x-responsive-text-2\" data-x-element=\"responsive_text\" data-x-params=\"{&quot;selector&quot;:&quot;p&quot;,&quot;compression&quot;:&quot;1.5&quot;,&quot;minFontSize&quot;:&quot;10pt&quot;,&quot;maxFontSize&quot;:&quot;15pt&quot;}\"><\/span><a  class=\"x-img x-img-link\" style=\"width:200px;\" href=\"http:\/\/www.weddingbourg.lu\/photographie\/\"     data-options=\"thumbnail: 'https:\/\/www.photobooth.lu\/wp-content\/uploads\/2015\/08\/Weddingbourg_label-01.png'\"><img src=\"https:\/\/www.photobooth.lu\/wp-content\/uploads\/2015\/08\/Weddingbourg_label-01.png\" ><\/a>[\/vc_column][vc_column width=\u00a0\u00bb1\/2&Prime;]<hr  class=\"x-gap\" style=\"margin: 5px 0 0 0;\"><img  class=\"x-img\" style=\"width: 360px; display: block; margin-left: auto; margin-right: auto;\" src=\"https:\/\/www.photobooth.lu\/wp-content\/uploads\/2015\/08\/booth_wedding.jpg\" ><hr  class=\"x-gap\" style=\"margin: 5px 0 0 0;\">[\/vc_column][\/vc_row][vc_row inner_container=\u00a0\u00bbtrue\u00a0\u00bb no_margin=\u00a0\u00bbtrue\u00a0\u00bb bg_color=\u00a0\u00bb#f7f7f7&Prime;][vc_column fade_animation=\u00a0\u00bbin-from-right\u00a0\u00bb fade_animation_offset=\u00a0\u00bb6000px\u00a0\u00bb width=\u00a0\u00bb2\/3&Prime;]<hr  class=\"x-gap\" style=\"margin: 60px 0 0 0;\">[vc_row_inner][vc_column_inner width=\u00a0\u00bb1\/2&Prime;]<a  class=\"x-img wedding x-img-link\"  href=\"https:\/\/www.photobooth.lu\/wp-content\/uploads\/2015\/08\/wedding_1.jpg\"     data-options=\"thumbnail: 'https:\/\/www.photobooth.lu\/wp-content\/uploads\/2015\/08\/wedding_1.jpg'\"><img src=\"https:\/\/www.photobooth.lu\/wp-content\/uploads\/2015\/08\/wedding_1.jpg\" ><\/a><a  class=\"x-img wedding x-img-link\"  href=\"https:\/\/www.photobooth.lu\/wp-content\/uploads\/2015\/08\/wedding_3.jpg\"     data-options=\"thumbnail: 'https:\/\/www.photobooth.lu\/wp-content\/uploads\/2015\/08\/wedding_3.jpg'\"><img src=\"https:\/\/www.photobooth.lu\/wp-content\/uploads\/2015\/08\/wedding_3.jpg\" ><\/a>[\/vc_column_inner][vc_column_inner width=\u00a0\u00bb1\/2&Prime;]<a  class=\"x-img wedding x-img-link\"  href=\"https:\/\/www.photobooth.lu\/wp-content\/uploads\/2015\/08\/wedding_2.jpg\"     data-options=\"thumbnail: 'https:\/\/www.photobooth.lu\/wp-content\/uploads\/2015\/08\/wedding_2.jpg'\"><img src=\"https:\/\/www.photobooth.lu\/wp-content\/uploads\/2015\/08\/wedding_2.jpg\" alt=\"wedding\"><\/a><a  class=\"x-img wedding x-img-link\"  href=\"https:\/\/www.photobooth.lu\/wp-content\/uploads\/2015\/08\/wedding_4.jpg\"     data-options=\"thumbnail: 'https:\/\/www.photobooth.lu\/wp-content\/uploads\/2015\/08\/wedding_4.jpg'\"><img src=\"https:\/\/www.photobooth.lu\/wp-content\/uploads\/2015\/08\/wedding_4.jpg\" ><\/a>[\/vc_column_inner][\/vc_row_inner]<span id=\"x-lightbox-2\" data-x-element=\"lightbox\" data-x-params=\"{&quot;selector&quot;:&quot;.wedding&quot;,&quot;deeplink&quot;:false,&quot;opacity&quot;:&quot;0.85&quot;,&quot;prevScale&quot;:&quot;0.85&quot;,&quot;prevOpacity&quot;:&quot;0.65&quot;,&quot;nextScale&quot;:&quot;0.85&quot;,&quot;nextOpacity&quot;:&quot;0.65&quot;,&quot;orientation&quot;:&quot;horizontal&quot;,&quot;thumbnails&quot;:false}\"><\/span>[\/vc_column][vc_column fade_animation=\u00a0\u00bbin-from-right\u00a0\u00bb fade_animation_offset=\u00a0\u00bb5000px\u00a0\u00bb width=\u00a0\u00bb1\/3&Prime;]<hr  class=\"x-gap\" style=\"margin: 50px 0 0 0;\"><h3 style=\"text-align: left;\"><span style=\"color: #434244;\">Les impressions<\/span><\/h3>\n<p style=\"text-align: left;\"><span style=\"color: #999999;\">Nous personnalisons toutes les impressions de photos de mariage avec vos noms, la date, le lieu, en prenant soin d\u2019adapter le style et l\u2019aspect \u00e0 l\u2019image de votre mariage. Nous pouvons m\u00eame int\u00e9grer en 4\u00e8me photo, et sur toutes les impressions, une photo du couple de mari\u00e9s. Cela peut m\u00eame \u00eatre fait directement sur place, le jour de votre mariage, \u00e0 l\u2019int\u00e9rieur de la cabine.<\/span><\/p>\n<hr  class=\"x-gap\" style=\"margin: 50px 0 0 0;\">[\/vc_column][\/vc_row][vc_row no_margin=\u00a0\u00bbtrue\u00a0\u00bb bg_image=\u00a0\u00bb9375&Prime;][vc_column width=\u00a0\u00bb1\/2&Prime;]<hr  class=\"x-gap\" style=\"margin: 5px 0 0 0;\">[\/vc_column][vc_column width=\u00a0\u00bb1\/2&Prime;]<img  class=\"x-img left\" style=\"width: 400px; display: block; margin-left: auto; margin-right: auto;\" src=\"https:\/\/www.photobooth.lu\/wp-content\/uploads\/2015\/08\/wedding_book_text2.png\" >[\/vc_column][\/vc_row][vc_row inner_container=\u00a0\u00bbtrue\u00a0\u00bb no_margin=\u00a0\u00bbtrue\u00a0\u00bb][vc_column width=\u00a0\u00bb1\/1&Prime;]<hr  class=\"x-gap\" style=\"margin: 50px 0 0 0;\">[vc_media_grid element_width=\u00a0\u00bb3&Prime; grid_id=\u00a0\u00bbvc_gid:1440066044719-d69e8f27-e124-7&Prime; include=\u00a0\u00bb9377,9378,9379,9380&Prime;]<hr  class=\"x-gap\" style=\"margin: 40px 0 0 0;\">[vc_row_inner][vc_column_inner width=\u00a0\u00bb1\/4&Prime;]<hr  class=\"x-gap\" style=\"margin: 2px 0 0 0;\">[\/vc_column_inner][vc_column_inner width=\u00a0\u00bb1\/2&Prime;]<p style=\"text-align: center;\"><span style=\"color: #999999;\">L\u2019album photo reprenant toutes les photos qui ont \u00e9t\u00e9 prises dans le PhotoBooth est le souvenir id\u00e9al des photos de mariage. L\u2019impression des pages se fait sur du papier photo pixel-parfait de Fujifilm, ce livre de luxe vous rappellera votre journ\u00e9e de mariage pour les ann\u00e9es \u00e0 venir. Choisissez votre couleur de cuir \u00e9cologique pour la couverture, pendant que nous nous occupons de la mise en page de vos images.<\/span><\/p>\n<p style=\"text-align: center;\"><span style=\"color: #999999;\">Le forfait mariage est \u00e0 partir de 900 EUR (forfait basique)<\/span><\/p>\n<p style=\"text-align: center;\"><span style=\"color: #999999;\">Le livre album est \u00e0 partir de 180 EUR.<\/span><\/p>\n[\/vc_column_inner][vc_column_inner width=\u00a0\u00bb1\/4&Prime;][\/vc_column_inner][\/vc_row_inner][\/vc_column][\/vc_row][vc_row inner_container=\u00a0\u00bbtrue\u00a0\u00bb no_margin=\u00a0\u00bbtrue\u00a0\u00bb bg_color=\u00a0\u00bb#e6e6e6&Prime;][vc_column fade_animation=\u00a0\u00bbin-from-right\u00a0\u00bb fade_animation_offset=\u00a0\u00bb500px\u00a0\u00bb width=\u00a0\u00bb1\/1&Prime;]<hr  class=\"x-gap\" style=\"margin: 40px 0 0 0;\"><img  class=\"x-img\" style=\"width: 400px; display: block; margin-left: auto; margin-right: auto;\" src=\"https:\/\/www.photobooth.lu\/wp-content\/uploads\/2014\/01\/pbpackages-image-FR.png\" ><a id=\"packagesbutton\" class=\"x-img x-img-link\" style=\"width: 300px; display: block; margin-left: auto; margin-right: auto;\" href=\"http:\/\/www.photobooth.lu\/packages\/\"     data-options=\"thumbnail: 'https:\/\/www.photobooth.lu\/wp-content\/uploads\/2014\/01\/packages_buttonFR.png'\"><img src=\"https:\/\/www.photobooth.lu\/wp-content\/uploads\/2014\/01\/packages_buttonFR.png\" ><\/a><hr  class=\"x-gap\" style=\"margin: 20px 0 0 0;\"><hr  class=\"x-gap\" style=\"margin: 50px 0 0 0;\">[\/vc_column][\/vc_row]","protected":false},"excerpt":{"rendered":"<p>[vc_row no_margin=\u00a0\u00bbtrue\u00a0\u00bb bg_image=\u00a0\u00bb9336&Prime;][vc_column width=\u00a0\u00bb1\/2&Prime;][\/vc_column][vc_column width=\u00a0\u00bb1\/2&Prime;][vc_row_inner no_margin=\u00a0\u00bbtrue\u00a0\u00bb bg_image=\u00a0\u00bb9347&Prime;][vc_column_inner width=\u00a0\u00bb1\/1&Prime;][\/vc_column_inner][\/vc_row_inner][\/vc_column][\/vc_row][vc_row inner_container=\u00a0\u00bbtrue\u00a0\u00bb no_margin=\u00a0\u00bbtrue\u00a0\u00bb][vc_column width=\u00a0\u00bb1\/2&Prime; font_color=\u00a0\u00bb#8e8e8e\u00a0\u00bb][\/vc_column][vc_column width=\u00a0\u00bb1\/2&Prime;][\/vc_column][\/vc_row][vc_row inner_container=\u00a0\u00bbtrue\u00a0\u00bb no_margin=\u00a0\u00bbtrue\u00a0\u00bb bg_color=\u00a0\u00bb#f7f7f7&Prime;][vc_column fade_animation=\u00a0\u00bbin-from-right\u00a0\u00bb fade_animation_offset=\u00a0\u00bb6000px\u00a0\u00bb width=\u00a0\u00bb2\/3&Prime;][vc_row_inner][vc_column_inner width=\u00a0\u00bb1\/2&Prime;][\/vc_column_inner][vc_column_inner width=\u00a0\u00bb1\/2&Prime;][\/vc_column_inner][\/vc_row_inner][\/vc_column][vc_column fade_animation=\u00a0\u00bbin-from-right\u00a0\u00bb fade_animation_offset=\u00a0\u00bb5000px\u00a0\u00bb width=\u00a0\u00bb1\/3&Prime;][\/vc_column][\/vc_row][vc_row no_margin=\u00a0\u00bbtrue\u00a0\u00bb bg_image=\u00a0\u00bb9375&Prime;][vc_column width=\u00a0\u00bb1\/2&Prime;][\/vc_column][vc_column width=\u00a0\u00bb1\/2&Prime;][\/vc_column][\/vc_row][vc_row inner_container=\u00a0\u00bbtrue\u00a0\u00bb no_margin=\u00a0\u00bbtrue\u00a0\u00bb][vc_column width=\u00a0\u00bb1\/1&Prime;][vc_media_grid element_width=\u00a0\u00bb3&Prime; grid_id=\u00a0\u00bbvc_gid:1440066044719-d69e8f27-e124-7&Prime; include=\u00a0\u00bb9377,9378,9379,9380&Prime;][vc_row_inner][vc_column_inner width=\u00a0\u00bb1\/4&Prime;][\/vc_column_inner][vc_column_inner width=\u00a0\u00bb1\/2&Prime;][\/vc_column_inner][vc_column_inner width=\u00a0\u00bb1\/4&Prime;][\/vc_column_inner][\/vc_row_inner][\/vc_column][\/vc_row][vc_row inner_container=\u00a0\u00bbtrue\u00a0\u00bb no_margin=\u00a0\u00bbtrue\u00a0\u00bb bg_color=\u00a0\u00bb#e6e6e6&Prime;][vc_column &#8230; <a href=\"https:\/\/www.photobooth.lu\/fr\/the-wedding-package\/\" class=\"more-link\">Read More<\/a><\/p>\n","protected":false},"author":1,"featured_media":0,"parent":0,"menu_order":0,"comment_status":"closed","ping_status":"open","template":"template-blank-4.php","meta":[],"yoast_head":"<!-- This site is optimized with the Yoast SEO plugin v18.1 - https:\/\/yoast.com\/wordpress\/plugins\/seo\/ -->\n<title>Le Forfait Mariage - Le Photobooth Luxembourg<\/title>\n<meta name=\"description\" content=\"D\u00e9couvrez notre forfait Photobooth de mariage - avec un habillage cabine sp\u00e9cial pour les mari\u00e9es et impressions photos instantan\u00e9es\" \/>\n<meta name=\"robots\" content=\"index, follow, max-snippet:-1, max-image-preview:large, max-video-preview:-1\" \/>\n<link rel=\"canonical\" href=\"https:\/\/www.photobooth.lu\/the-wedding-package\/\" \/>\n<meta property=\"og:locale\" content=\"fr_FR\" \/>\n<meta property=\"og:type\" content=\"article\" \/>\n<meta property=\"og:title\" content=\"Le Forfait Mariage - Le Photobooth Luxembourg\" \/>\n<meta property=\"og:description\" content=\"D\u00e9couvrez notre forfait Photobooth de mariage - avec un habillage cabine sp\u00e9cial pour les mari\u00e9es et impressions photos instantan\u00e9es\" \/>\n<meta property=\"og:url\" content=\"https:\/\/www.photobooth.lu\/the-wedding-package\/\" \/>\n<meta property=\"og:site_name\" content=\"Le Photobooth Luxembourg\" \/>\n<meta property=\"article:publisher\" content=\"https:\/\/www.facebook.com\/photobooth.lu\" \/>\n<meta property=\"article:modified_time\" content=\"2016-06-24T09:37:57+00:00\" \/>\n<meta name=\"twitter:label1\" content=\"Dur\u00e9e de lecture estim\u00e9e\" \/>\n\t<meta name=\"twitter:data1\" content=\"6 minutes\" \/>\n<script type=\"application\/ld+json\" class=\"yoast-schema-graph\">{\"@context\":\"https:\/\/schema.org\",\"@graph\":[{\"@type\":\"WebSite\",\"@id\":\"https:\/\/www.photobooth.lu\/fr\/#website\",\"url\":\"https:\/\/www.photobooth.lu\/fr\/\",\"name\":\"Le Photobooth Luxembourg\",\"description\":\"Custom event photobooths in Luxembourg\",\"potentialAction\":[{\"@type\":\"SearchAction\",\"target\":{\"@type\":\"EntryPoint\",\"urlTemplate\":\"https:\/\/www.photobooth.lu\/fr\/?s={search_term_string}\"},\"query-input\":\"required name=search_term_string\"}],\"inLanguage\":\"fr-FR\"},{\"@type\":\"WebPage\",\"@id\":\"https:\/\/www.photobooth.lu\/the-wedding-package\/#webpage\",\"url\":\"https:\/\/www.photobooth.lu\/the-wedding-package\/\",\"name\":\"Le Forfait Mariage - Le Photobooth Luxembourg\",\"isPartOf\":{\"@id\":\"https:\/\/www.photobooth.lu\/fr\/#website\"},\"datePublished\":\"2015-08-14T16:07:37+00:00\",\"dateModified\":\"2016-06-24T09:37:57+00:00\",\"description\":\"D\u00e9couvrez notre forfait Photobooth de mariage - avec un habillage cabine sp\u00e9cial pour les mari\u00e9es et impressions photos instantan\u00e9es\",\"breadcrumb\":{\"@id\":\"https:\/\/www.photobooth.lu\/the-wedding-package\/#breadcrumb\"},\"inLanguage\":\"fr-FR\",\"potentialAction\":[{\"@type\":\"ReadAction\",\"target\":[\"https:\/\/www.photobooth.lu\/the-wedding-package\/\"]}]},{\"@type\":\"BreadcrumbList\",\"@id\":\"https:\/\/www.photobooth.lu\/the-wedding-package\/#breadcrumb\",\"itemListElement\":[{\"@type\":\"ListItem\",\"position\":1,\"name\":\"Home\",\"item\":\"https:\/\/www.photobooth.lu\/\"},{\"@type\":\"ListItem\",\"position\":2,\"name\":\"The Wedding Package\"}]}]}<\/script>\n<!-- \/ Yoast SEO plugin. -->","yoast_head_json":{"title":"Le Forfait Mariage - Le Photobooth Luxembourg","description":"D\u00e9couvrez notre forfait Photobooth de mariage - avec un habillage cabine sp\u00e9cial pour les mari\u00e9es et impressions photos instantan\u00e9es","robots":{"index":"index","follow":"follow","max-snippet":"max-snippet:-1","max-image-preview":"max-image-preview:large","max-video-preview":"max-video-preview:-1"},"canonical":"https:\/\/www.photobooth.lu\/the-wedding-package\/","og_locale":"fr_FR","og_type":"article","og_title":"Le Forfait Mariage - Le Photobooth Luxembourg","og_description":"D\u00e9couvrez notre forfait Photobooth de mariage - avec un habillage cabine sp\u00e9cial pour les mari\u00e9es et impressions photos instantan\u00e9es","og_url":"https:\/\/www.photobooth.lu\/the-wedding-package\/","og_site_name":"Le Photobooth Luxembourg","article_publisher":"https:\/\/www.facebook.com\/photobooth.lu","article_modified_time":"2016-06-24T09:37:57+00:00","twitter_misc":{"Dur\u00e9e de lecture estim\u00e9e":"6 minutes"},"schema":{"@context":"https:\/\/schema.org","@graph":[{"@type":"WebSite","@id":"https:\/\/www.photobooth.lu\/fr\/#website","url":"https:\/\/www.photobooth.lu\/fr\/","name":"Le Photobooth Luxembourg","description":"Custom event photobooths in Luxembourg","potentialAction":[{"@type":"SearchAction","target":{"@type":"EntryPoint","urlTemplate":"https:\/\/www.photobooth.lu\/fr\/?s={search_term_string}"},"query-input":"required name=search_term_string"}],"inLanguage":"fr-FR"},{"@type":"WebPage","@id":"https:\/\/www.photobooth.lu\/the-wedding-package\/#webpage","url":"https:\/\/www.photobooth.lu\/the-wedding-package\/","name":"Le Forfait Mariage - Le Photobooth Luxembourg","isPartOf":{"@id":"https:\/\/www.photobooth.lu\/fr\/#website"},"datePublished":"2015-08-14T16:07:37+00:00","dateModified":"2016-06-24T09:37:57+00:00","description":"D\u00e9couvrez notre forfait Photobooth de mariage - avec un habillage cabine sp\u00e9cial pour les mari\u00e9es et impressions photos instantan\u00e9es","breadcrumb":{"@id":"https:\/\/www.photobooth.lu\/the-wedding-package\/#breadcrumb"},"inLanguage":"fr-FR","potentialAction":[{"@type":"ReadAction","target":["https:\/\/www.photobooth.lu\/the-wedding-package\/"]}]},{"@type":"BreadcrumbList","@id":"https:\/\/www.photobooth.lu\/the-wedding-package\/#breadcrumb","itemListElement":[{"@type":"ListItem","position":1,"name":"Home","item":"https:\/\/www.photobooth.lu\/"},{"@type":"ListItem","position":2,"name":"The Wedding Package"}]}]}},"post_mailing_queue_ids":[],"_links":{"self":[{"href":"https:\/\/www.photobooth.lu\/fr\/wp-json\/wp\/v2\/pages\/9335"}],"collection":[{"href":"https:\/\/www.photobooth.lu\/fr\/wp-json\/wp\/v2\/pages"}],"about":[{"href":"https:\/\/www.photobooth.lu\/fr\/wp-json\/wp\/v2\/types\/page"}],"author":[{"embeddable":true,"href":"https:\/\/www.photobooth.lu\/fr\/wp-json\/wp\/v2\/users\/1"}],"replies":[{"embeddable":true,"href":"https:\/\/www.photobooth.lu\/fr\/wp-json\/wp\/v2\/comments?post=9335"}],"version-history":[{"count":50,"href":"https:\/\/www.photobooth.lu\/fr\/wp-json\/wp\/v2\/pages\/9335\/revisions"}],"predecessor-version":[{"id":14228,"href":"https:\/\/www.photobooth.lu\/fr\/wp-json\/wp\/v2\/pages\/9335\/revisions\/14228"}],"wp:attachment":[{"href":"https:\/\/www.photobooth.lu\/fr\/wp-json\/wp\/v2\/media?parent=9335"}],"curies":[{"name":"wp","href":"https:\/\/api.w.org\/{rel}","templated":true}]}}