{"id":6813,"date":"2015-02-10T14:53:12","date_gmt":"2015-02-10T13:53:12","guid":{"rendered":"http:\/\/www.photobooth.lu\/?page_id=6813"},"modified":"2016-04-15T18:30:33","modified_gmt":"2016-04-15T17:30:33","slug":"the-minipod","status":"publish","type":"page","link":"https:\/\/www.photobooth.lu\/fr\/the-minipod\/","title":{"rendered":"Le MiniPod"},"content":{"rendered":"[vc_row no_margin=\u00a0\u00bbtrue\u00a0\u00bb bg_image=\u00a0\u00bb6823&Prime;][vc_column width=\u00a0\u00bb1\/3&Prime;]<hr  class=\"x-gap\" style=\"margin: 1px 0 0 0;\">[\/vc_column][vc_column width=\u00a0\u00bb2\/3&Prime;]<img  class=\"x-img\" style=\"width: 665px; display: block; margin-left: auto; margin-right:auto;\" src=\"https:\/\/www.photobooth.lu\/wp-content\/uploads\/2014\/01\/Minipod_banner.png\" >[\/vc_column][\/vc_row][vc_row inner_container=\u00a0\u00bbtrue\u00a0\u00bb no_margin=\u00a0\u00bbtrue\u00a0\u00bb][vc_column width=\u00a0\u00bb2\/3&Prime;]<img  class=\"x-img\" style=\"display: block; margin-left: auto; margin-right: auto;\" src=\"https:\/\/www.photobooth.lu\/wp-content\/uploads\/2015\/02\/Photobooth_pod_picture.jpg\" >[\/vc_column][vc_column width=\u00a0\u00bb1\/3&Prime;]<hr  class=\"x-gap\" style=\"margin: 30px 0 0 0;\"><h3>Le\u00a0MiniPod<\/h3>\n<p><span style=\"color: #999999;\">Le petit dernier s\u2019appelle Minipod et comme son nom l\u2019indique, il est mini. Transportable, compacte, il peut prendre de grandes photos de group et les imprimer sur place. Tout aussi amusant que le PhotoBooth original, le MINIPOD faisant rire tout le monde, fait sensation en soir\u00e9e. Savez-vous que les impressions et l\u2019\u00e9cran tactile sont enti\u00e8rement personnalisable\u00a0?<\/span><\/p>\n<span id=\"x-responsive-text-2\" data-x-element=\"responsive_text\" data-x-params=\"{&quot;selector&quot;:&quot;p&quot;,&quot;compression&quot;:&quot;1.5&quot;,&quot;minFontSize&quot;:&quot;10pt&quot;,&quot;maxFontSize&quot;:&quot;15pt&quot;}\"><\/span>[\/vc_column][\/vc_row][vc_row inner_container=\u00a0\u00bbtrue\u00a0\u00bb no_margin=\u00a0\u00bbtrue\u00a0\u00bb bg_color=\u00a0\u00bb#f7f7f7&Prime;][vc_column width=\u00a0\u00bb1\/1&Prime;]<hr  class=\"x-gap\" style=\"margin: 30px 0 0 0;\"><h3 style=\"text-align: center;\">Customisez-le<\/h3>\n[\/vc_column][\/vc_row][vc_row inner_container=\u00a0\u00bbtrue\u00a0\u00bb no_margin=\u00a0\u00bbtrue\u00a0\u00bb bg_color=\u00a0\u00bb#f7f7f7&Prime;][vc_column fade_animation=\u00a0\u00bbin-from-right\u00a0\u00bb fade_animation_offset=\u00a0\u00bb6000px\u00a0\u00bb width=\u00a0\u00bb1\/2&Prime;]<hr  class=\"x-gap\" style=\"margin: 50px 0 0 0;\"><img  class=\"x-img\" style=\"width: 280px; display: block; margin-left: auto; margin-right:auto;\" src=\"https:\/\/www.photobooth.lu\/wp-content\/uploads\/2015\/02\/prints_pod.png\" ><h5 style=\"text-align: center;\"><span style=\"color: #434244;\">Les impressions<\/span><\/h5>\n<p style=\"text-align: center;\"><span style=\"color: #999999;\">Nos impressions instantan\u00e9es rendent les souvenirs de l\u2019\u00e9v\u00e9nement durables. Vous pouvez choisir le nombre de photos qui seront imprim\u00e9es, la mise en page, les couleurs et le graphisme, pour un souvenir m\u00e9morable et personnalis\u00e9.<\/span><\/p>\n[\/vc_column][vc_column fade_animation=\u00a0\u00bbin-from-right\u00a0\u00bb fade_animation_offset=\u00a0\u00bb5000px\u00a0\u00bb width=\u00a0\u00bb1\/2&Prime;]<hr  class=\"x-gap\" style=\"margin: 50px 0 0 0;\"><img  class=\"x-img\" style=\"width: 280px; display: block; margin-left: auto; margin-right:auto;\" src=\"https:\/\/www.photobooth.lu\/wp-content\/uploads\/2015\/02\/menu_pod.png\" ><h5 style=\"text-align: center;\"><span style=\"color: #434244;\">L&rsquo;interface<\/span><\/h5>\n<p style=\"text-align: center;\"><span style=\"color: #999999;\">Notre menu tactile est tr\u00e8s facile \u00e0 utiliser, et est enti\u00e8rement personnalisable, avec votre logo ou vos graphismes. Notre \u00e9quipe de designers s\u2019assurera que tout soit \u00ab\u00a0Tip-top\u00a0\u00bb, comme vous le souhaitez.<\/span><\/p>\n[\/vc_column][\/vc_row][vc_row inner_container=\u00a0\u00bbtrue\u00a0\u00bb no_margin=\u00a0\u00bbtrue\u00a0\u00bb bg_color=\u00a0\u00bb#f7f7f7&Prime;][vc_column fade_animation=\u00a0\u00bbin-from-right\u00a0\u00bb fade_animation_offset=\u00a0\u00bb6000px\u00a0\u00bb width=\u00a0\u00bb1\/4&Prime; class=\u00a0\u00bbcenter-text\u00a0\u00bb font_color=\u00a0\u00bb#8e8e8e\u00a0\u00bb]<hr  class=\"x-gap\" style=\"margin: 1px 0 0 0;\">[\/vc_column][vc_column width=\u00a0\u00bb1\/2&Prime; class=\u00a0\u00bbcenter-text\u00a0\u00bb]<hr  class=\"x-gap\" style=\"margin: 50px 0 0 0;\"><p style=\"text-align: center;\"><span style=\"color: #999999;\">Les \u00e9l\u00e9ments personnalisables du MiniPod peuvent rendre votre \u00e9v\u00e9nement vraiment tr\u00e8s sp\u00e9cial. Pour votre entreprise ou pour des \u00e9v\u00e9nements priv\u00e9s, votre logo peut \u00eatre ajout\u00e9 sur les copies ou le menu tactile, pour rendre la signature unique. Vos invit\u00e9s peuvent partager leur photo sur les r\u00e9seaux sociaux et cr\u00e9er le buzz.<\/span><\/p>\n<a  class=\"x-btn x-btn-regular\"  href=\"http:\/\/www.photobooth.lu\/personalisation\/\"     data-options=\"thumbnail: ''\">EN SAVOIR PLUS<\/a><hr  class=\"x-gap\" style=\"margin: 100px 0 0 0;\">[\/vc_column][vc_column width=\u00a0\u00bb1\/4&Prime;][\/vc_column][\/vc_row][vc_row inner_container=\u00a0\u00bbtrue\u00a0\u00bb no_margin=\u00a0\u00bbtrue\u00a0\u00bb bg_color=\u00a0\u00bb#e6e6e6&Prime;][vc_column fade_animation=\u00a0\u00bbin-from-right\u00a0\u00bb fade_animation_offset=\u00a0\u00bb500px\u00a0\u00bb width=\u00a0\u00bb1\/1&Prime;]<hr  class=\"x-gap\" style=\"margin: 40px 0 0 0;\"><img  class=\"x-img\" style=\"width: 400px; display: block; margin-left: auto; margin-right: auto;\" src=\"https:\/\/www.photobooth.lu\/wp-content\/uploads\/2014\/01\/pbpackages-image-FR.png\" ><a id=\"packagesbutton\" class=\"x-img x-img-link\" style=\"width: 300px; display: block; margin-left: auto; margin-right: auto;\" href=\"http:\/\/www.photobooth.lu\/packages\/\"     data-options=\"thumbnail: 'https:\/\/www.photobooth.lu\/wp-content\/uploads\/2014\/01\/packages_buttonFR.png'\"><img src=\"https:\/\/www.photobooth.lu\/wp-content\/uploads\/2014\/01\/packages_buttonFR.png\" ><\/a><hr  class=\"x-gap\" style=\"margin: 20px 0 0 0;\"><hr  class=\"x-gap\" style=\"margin: 50px 0 0 0;\">[\/vc_column][\/vc_row]","protected":false},"excerpt":{"rendered":"<p>[vc_row no_margin=\u00a0\u00bbtrue\u00a0\u00bb bg_image=\u00a0\u00bb6823&Prime;][vc_column width=\u00a0\u00bb1\/3&Prime;][\/vc_column][vc_column width=\u00a0\u00bb2\/3&Prime;][\/vc_column][\/vc_row][vc_row inner_container=\u00a0\u00bbtrue\u00a0\u00bb no_margin=\u00a0\u00bbtrue\u00a0\u00bb][vc_column width=\u00a0\u00bb2\/3&Prime;][\/vc_column][vc_column width=\u00a0\u00bb1\/3&Prime;][\/vc_column][\/vc_row][vc_row inner_container=\u00a0\u00bbtrue\u00a0\u00bb no_margin=\u00a0\u00bbtrue\u00a0\u00bb bg_color=\u00a0\u00bb#f7f7f7&Prime;][vc_column width=\u00a0\u00bb1\/1&Prime;][\/vc_column][\/vc_row][vc_row inner_container=\u00a0\u00bbtrue\u00a0\u00bb no_margin=\u00a0\u00bbtrue\u00a0\u00bb bg_color=\u00a0\u00bb#f7f7f7&Prime;][vc_column fade_animation=\u00a0\u00bbin-from-right\u00a0\u00bb fade_animation_offset=\u00a0\u00bb6000px\u00a0\u00bb width=\u00a0\u00bb1\/2&Prime;][\/vc_column][vc_column fade_animation=\u00a0\u00bbin-from-right\u00a0\u00bb fade_animation_offset=\u00a0\u00bb5000px\u00a0\u00bb width=\u00a0\u00bb1\/2&Prime;][\/vc_column][\/vc_row][vc_row inner_container=\u00a0\u00bbtrue\u00a0\u00bb no_margin=\u00a0\u00bbtrue\u00a0\u00bb bg_color=\u00a0\u00bb#f7f7f7&Prime;][vc_column fade_animation=\u00a0\u00bbin-from-right\u00a0\u00bb fade_animation_offset=\u00a0\u00bb6000px\u00a0\u00bb width=\u00a0\u00bb1\/4&Prime; class=\u00a0\u00bbcenter-text\u00a0\u00bb font_color=\u00a0\u00bb#8e8e8e\u00a0\u00bb][\/vc_column][vc_column width=\u00a0\u00bb1\/2&Prime; class=\u00a0\u00bbcenter-text\u00a0\u00bb][\/vc_column][vc_column width=\u00a0\u00bb1\/4&Prime;][\/vc_column][\/vc_row][vc_row inner_container=\u00a0\u00bbtrue\u00a0\u00bb no_margin=\u00a0\u00bbtrue\u00a0\u00bb bg_color=\u00a0\u00bb#e6e6e6&Prime;][vc_column fade_animation=\u00a0\u00bbin-from-right\u00a0\u00bb fade_animation_offset=\u00a0\u00bb500px\u00a0\u00bb width=\u00a0\u00bb1\/1&Prime;][\/vc_column][\/vc_row]<\/p>\n","protected":false},"author":1,"featured_media":0,"parent":0,"menu_order":0,"comment_status":"closed","ping_status":"open","template":"template-blank-4.php","meta":[],"yoast_head":"<!-- This site is optimized with the Yoast SEO plugin v18.1 - https:\/\/yoast.com\/wordpress\/plugins\/seo\/ -->\n<title>Le MiniPod - Le Photobooth Luxembourg<\/title>\n<meta name=\"description\" content=\"Le petit dernier s\u2019appelle Minipod et il est transportable, compacte, il peut prendre de grandes photos de group et les imprimer sur place.\" \/>\n<meta name=\"robots\" content=\"index, follow, max-snippet:-1, max-image-preview:large, max-video-preview:-1\" \/>\n<link rel=\"canonical\" href=\"https:\/\/www.photobooth.lu\/fr\/the-minipod\/\" \/>\n<meta property=\"og:locale\" content=\"fr_FR\" \/>\n<meta property=\"og:type\" content=\"article\" \/>\n<meta property=\"og:title\" content=\"Le MiniPod - Le Photobooth Luxembourg\" \/>\n<meta property=\"og:description\" content=\"The newest member of the Photobooth family is a compact, transportable pod that can take pictures of large groups and print them on-the-spot | MiniPod.\" \/>\n<meta property=\"og:url\" content=\"https:\/\/www.photobooth.lu\/fr\/the-minipod\/\" \/>\n<meta property=\"og:site_name\" content=\"Le Photobooth Luxembourg\" \/>\n<meta property=\"article:publisher\" content=\"https:\/\/www.facebook.com\/photobooth.lu\" \/>\n<meta property=\"article:modified_time\" content=\"2016-04-15T17:30:33+00:00\" \/>\n<meta property=\"og:image\" content=\"https:\/\/www.photobooth.lu\/wp-content\/uploads\/2015\/02\/MiniPod.jpg\" \/>\n\t<meta property=\"og:image:width\" content=\"1200\" \/>\n\t<meta property=\"og:image:height\" content=\"630\" \/>\n\t<meta property=\"og:image:type\" content=\"image\/jpeg\" \/>\n<meta name=\"twitter:label1\" content=\"Dur\u00e9e de lecture estim\u00e9e\" \/>\n\t<meta name=\"twitter:data1\" content=\"6 minutes\" \/>\n<script type=\"application\/ld+json\" class=\"yoast-schema-graph\">{\"@context\":\"https:\/\/schema.org\",\"@graph\":[{\"@type\":\"WebSite\",\"@id\":\"https:\/\/www.photobooth.lu\/fr\/#website\",\"url\":\"https:\/\/www.photobooth.lu\/fr\/\",\"name\":\"Le Photobooth Luxembourg\",\"description\":\"Custom event photobooths in Luxembourg\",\"potentialAction\":[{\"@type\":\"SearchAction\",\"target\":{\"@type\":\"EntryPoint\",\"urlTemplate\":\"https:\/\/www.photobooth.lu\/fr\/?s={search_term_string}\"},\"query-input\":\"required name=search_term_string\"}],\"inLanguage\":\"fr-FR\"},{\"@type\":\"ImageObject\",\"@id\":\"https:\/\/www.photobooth.lu\/fr\/the-minipod\/#primaryimage\",\"inLanguage\":\"fr-FR\",\"url\":\"https:\/\/www.photobooth.lu\/wp-content\/uploads\/2015\/02\/MiniPod.jpg\",\"contentUrl\":\"https:\/\/www.photobooth.lu\/wp-content\/uploads\/2015\/02\/MiniPod.jpg\",\"width\":1200,\"height\":630},{\"@type\":\"WebPage\",\"@id\":\"https:\/\/www.photobooth.lu\/fr\/the-minipod\/#webpage\",\"url\":\"https:\/\/www.photobooth.lu\/fr\/the-minipod\/\",\"name\":\"Le MiniPod - Le Photobooth Luxembourg\",\"isPartOf\":{\"@id\":\"https:\/\/www.photobooth.lu\/fr\/#website\"},\"datePublished\":\"2015-02-10T13:53:12+00:00\",\"dateModified\":\"2016-04-15T17:30:33+00:00\",\"description\":\"Le petit dernier s\u2019appelle Minipod et il est transportable, compacte, il peut prendre de grandes photos de group et les imprimer sur place.\",\"breadcrumb\":{\"@id\":\"https:\/\/www.photobooth.lu\/fr\/the-minipod\/#breadcrumb\"},\"inLanguage\":\"fr-FR\",\"potentialAction\":[{\"@type\":\"ReadAction\",\"target\":[\"https:\/\/www.photobooth.lu\/fr\/the-minipod\/\"]}]},{\"@type\":\"BreadcrumbList\",\"@id\":\"https:\/\/www.photobooth.lu\/fr\/the-minipod\/#breadcrumb\",\"itemListElement\":[{\"@type\":\"ListItem\",\"position\":1,\"name\":\"Home\",\"item\":\"https:\/\/www.photobooth.lu\/\"},{\"@type\":\"ListItem\",\"position\":2,\"name\":\"Le MiniPod\"}]}]}<\/script>\n<!-- \/ Yoast SEO plugin. -->","yoast_head_json":{"title":"Le MiniPod - Le Photobooth Luxembourg","description":"Le petit dernier s\u2019appelle Minipod et il est transportable, compacte, il peut prendre de grandes photos de group et les imprimer sur place.","robots":{"index":"index","follow":"follow","max-snippet":"max-snippet:-1","max-image-preview":"max-image-preview:large","max-video-preview":"max-video-preview:-1"},"canonical":"https:\/\/www.photobooth.lu\/fr\/the-minipod\/","og_locale":"fr_FR","og_type":"article","og_title":"Le MiniPod - Le Photobooth Luxembourg","og_description":"The newest member of the Photobooth family is a compact, transportable pod that can take pictures of large groups and print them on-the-spot | MiniPod.","og_url":"https:\/\/www.photobooth.lu\/fr\/the-minipod\/","og_site_name":"Le Photobooth Luxembourg","article_publisher":"https:\/\/www.facebook.com\/photobooth.lu","article_modified_time":"2016-04-15T17:30:33+00:00","og_image":[{"width":1200,"height":630,"url":"https:\/\/www.photobooth.lu\/wp-content\/uploads\/2015\/02\/MiniPod.jpg","type":"image\/jpeg"}],"twitter_misc":{"Dur\u00e9e de lecture estim\u00e9e":"6 minutes"},"schema":{"@context":"https:\/\/schema.org","@graph":[{"@type":"WebSite","@id":"https:\/\/www.photobooth.lu\/fr\/#website","url":"https:\/\/www.photobooth.lu\/fr\/","name":"Le Photobooth Luxembourg","description":"Custom event photobooths in Luxembourg","potentialAction":[{"@type":"SearchAction","target":{"@type":"EntryPoint","urlTemplate":"https:\/\/www.photobooth.lu\/fr\/?s={search_term_string}"},"query-input":"required name=search_term_string"}],"inLanguage":"fr-FR"},{"@type":"ImageObject","@id":"https:\/\/www.photobooth.lu\/fr\/the-minipod\/#primaryimage","inLanguage":"fr-FR","url":"https:\/\/www.photobooth.lu\/wp-content\/uploads\/2015\/02\/MiniPod.jpg","contentUrl":"https:\/\/www.photobooth.lu\/wp-content\/uploads\/2015\/02\/MiniPod.jpg","width":1200,"height":630},{"@type":"WebPage","@id":"https:\/\/www.photobooth.lu\/fr\/the-minipod\/#webpage","url":"https:\/\/www.photobooth.lu\/fr\/the-minipod\/","name":"Le MiniPod - Le Photobooth Luxembourg","isPartOf":{"@id":"https:\/\/www.photobooth.lu\/fr\/#website"},"datePublished":"2015-02-10T13:53:12+00:00","dateModified":"2016-04-15T17:30:33+00:00","description":"Le petit dernier s\u2019appelle Minipod et il est transportable, compacte, il peut prendre de grandes photos de group et les imprimer sur place.","breadcrumb":{"@id":"https:\/\/www.photobooth.lu\/fr\/the-minipod\/#breadcrumb"},"inLanguage":"fr-FR","potentialAction":[{"@type":"ReadAction","target":["https:\/\/www.photobooth.lu\/fr\/the-minipod\/"]}]},{"@type":"BreadcrumbList","@id":"https:\/\/www.photobooth.lu\/fr\/the-minipod\/#breadcrumb","itemListElement":[{"@type":"ListItem","position":1,"name":"Home","item":"https:\/\/www.photobooth.lu\/"},{"@type":"ListItem","position":2,"name":"Le MiniPod"}]}]}},"post_mailing_queue_ids":[],"_links":{"self":[{"href":"https:\/\/www.photobooth.lu\/fr\/wp-json\/wp\/v2\/pages\/6813"}],"collection":[{"href":"https:\/\/www.photobooth.lu\/fr\/wp-json\/wp\/v2\/pages"}],"about":[{"href":"https:\/\/www.photobooth.lu\/fr\/wp-json\/wp\/v2\/types\/page"}],"author":[{"embeddable":true,"href":"https:\/\/www.photobooth.lu\/fr\/wp-json\/wp\/v2\/users\/1"}],"replies":[{"embeddable":true,"href":"https:\/\/www.photobooth.lu\/fr\/wp-json\/wp\/v2\/comments?post=6813"}],"version-history":[{"count":27,"href":"https:\/\/www.photobooth.lu\/fr\/wp-json\/wp\/v2\/pages\/6813\/revisions"}],"predecessor-version":[{"id":13028,"href":"https:\/\/www.photobooth.lu\/fr\/wp-json\/wp\/v2\/pages\/6813\/revisions\/13028"}],"wp:attachment":[{"href":"https:\/\/www.photobooth.lu\/fr\/wp-json\/wp\/v2\/media?parent=6813"}],"curies":[{"name":"wp","href":"https:\/\/api.w.org\/{rel}","templated":true}]}}