{"id":6722,"date":"2015-02-09T18:26:26","date_gmt":"2015-02-09T17:26:26","guid":{"rendered":"http:\/\/www.photobooth.lu\/?page_id=6722"},"modified":"2016-04-15T18:25:49","modified_gmt":"2016-04-15T17:25:49","slug":"the-booth","status":"publish","type":"page","link":"https:\/\/www.photobooth.lu\/fr\/the-booth\/","title":{"rendered":"Le Photomaton"},"content":{"rendered":"[vc_row no_margin=\u00a0\u00bbtrue\u00a0\u00bb bg_image=\u00a0\u00bb6727&Prime;][vc_column width=\u00a0\u00bb2\/3&Prime;]<img  class=\"x-img\" style=\"width: 494px; display: block; margin-left: auto; margin-right: auto;\" src=\"https:\/\/www.photobooth.lu\/wp-content\/uploads\/2015\/02\/AnimateFR.png\" >[\/vc_column][vc_column width=\u00a0\u00bb1\/3&Prime;]<hr  class=\"x-clear\" >[\/vc_column][\/vc_row][vc_row inner_container=\u00a0\u00bbtrue\u00a0\u00bb no_margin=\u00a0\u00bbtrue\u00a0\u00bb][vc_column width=\u00a0\u00bb1\/2&Prime;]<img  class=\"x-img\" style=\"width: 360px; display: block; margin-left: auto; margin-right: auto;\" src=\"https:\/\/www.photobooth.lu\/wp-content\/uploads\/2015\/02\/LePhotobooth_cheese1.png\" ><hr  class=\"x-gap\" style=\"margin: 5px 0 0 0;\">[\/vc_column][vc_column width=\u00a0\u00bb1\/2&Prime; font_color=\u00a0\u00bb#8e8e8e\u00a0\u00bb]<hr  class=\"x-gap\" style=\"margin: 25px 0 0 0;\"><h3 style=\"text-align: left;\"><span style=\"color: #434244;\">Le\u00a0Photobooth<\/span><\/h3>\n<p style=\"text-align: left;\"><span style=\"color: #999999;\">C\u2019est facile de r\u00e9ussir une soir\u00e9e\u00a0: louez notre Photomaton pour amuser vos invit\u00e9s pendant des heures\u00a0! C\u2019est qu\u2019il y a un peu de magie dans notre PhotoBooth, quelque chose qui transmet les sourires et rend les moments uniques. Changez l\u2019apparence de la cabine, les impressions et le menu tactile pour une exp\u00e9rience enti\u00e8rement personnalis\u00e9e. Utilisez-le pour faire conna\u00eetre votre marque et faire le buzz sur les m\u00e9dias, ainsi que les r\u00e9seaux sociaux, gr\u00e2ce \u00e0 nos options de partage.<\/span><\/p>\n<hr  class=\"x-gap\" style=\"margin: 25px 0 0 0;\"><span id=\"x-responsive-text-2\" data-x-element=\"responsive_text\" data-x-params=\"{&quot;selector&quot;:&quot;p&quot;,&quot;compression&quot;:&quot;1.5&quot;,&quot;minFontSize&quot;:&quot;10pt&quot;,&quot;maxFontSize&quot;:&quot;15pt&quot;}\"><\/span>[\/vc_column][\/vc_row][vc_row inner_container=\u00a0\u00bbtrue\u00a0\u00bb no_margin=\u00a0\u00bbtrue\u00a0\u00bb bg_color=\u00a0\u00bb#f7f7f7&Prime;][vc_column width=\u00a0\u00bb1\/1&Prime;]<hr  class=\"x-gap\" style=\"margin: 30px 0 0 0;\"><h3 style=\"text-align: center;\">Customisez-le<\/h3>\n[\/vc_column][\/vc_row][vc_row inner_container=\u00a0\u00bbtrue\u00a0\u00bb no_margin=\u00a0\u00bbtrue\u00a0\u00bb bg_color=\u00a0\u00bb#f7f7f7&Prime;][vc_column fade_animation=\u00a0\u00bbin-from-right\u00a0\u00bb fade_animation_offset=\u00a0\u00bb6000px\u00a0\u00bb width=\u00a0\u00bb1\/3&Prime;]<hr  class=\"x-gap\" style=\"margin: 50px 0 0 0;\"><img  class=\"x-img\" style=\"width: 280px; display: block; margin-left: auto; margin-right:auto;\" src=\"https:\/\/www.photobooth.lu\/wp-content\/uploads\/2015\/02\/Photobooth-prints.png\" ><h5 style=\"text-align: center;\"><span style=\"color: #434244;\">Les impressions<\/span><\/h5>\n<p style=\"text-align: center;\"><span style=\"color: #999999;\">Nos impressions instantan\u00e9es rendent les souvenirs de l\u2019\u00e9v\u00e9nement durables. Vous pouvez choisir le nombre de photos qui seront imprim\u00e9es, la mise en page, les couleurs et le graphisme, pour un souvenir m\u00e9morable et personnalis\u00e9.<\/span><\/p>\n<hr  class=\"x-gap\" style=\"margin: 50px 0 0 0;\">[\/vc_column][vc_column fade_animation=\u00a0\u00bbin-from-right\u00a0\u00bb fade_animation_offset=\u00a0\u00bb5000px\u00a0\u00bb width=\u00a0\u00bb1\/3&Prime;]<hr  class=\"x-gap\" style=\"margin: 50px 0 0 0;\"><img  class=\"x-img\" style=\"width: 280px; display: block; margin-left: auto; margin-right:auto;\" src=\"https:\/\/www.photobooth.lu\/wp-content\/uploads\/2015\/02\/Photobooth-digital.png\" ><h5 style=\"text-align: center;\">L\u2019interface<\/h5>\n<p style=\"text-align: center;\"><span style=\"color: #999999;\">Notre menu tactile est tr\u00e8s facile \u00e0 utiliser, et est enti\u00e8rement personnalisable, avec votre logo ou vos graphismes. Notre \u00e9quipe de designers s\u2019assurera que tout soit \u00ab\u00a0Tip-top\u00a0\u00bb, comme vous le souhaitez.<\/span><\/p>\n<hr  class=\"x-gap\" style=\"margin: 50px 0 0 0;\">[\/vc_column][vc_column fade_animation=\u00a0\u00bbin-from-right\u00a0\u00bb fade_animation_offset=\u00a0\u00bb4000px\u00a0\u00bb width=\u00a0\u00bb1\/3&Prime;]<hr  class=\"x-gap\" style=\"margin: 50px 0 0 0;\"><img  class=\"x-img\" style=\"width: 280px; display: block; margin-left: auto; margin-right:auto;\" src=\"https:\/\/www.photobooth.lu\/wp-content\/uploads\/2015\/02\/Photobooth-cabine.png\" ><h5 style=\"text-align: center;\"><span style=\"color: #434244;\">La cabine<\/span><\/h5>\n<p style=\"text-align: center;\"><span style=\"color: #999999;\">Personnalisez l\u2019habillage ext\u00e9rieur, ainsi que l\u2019arri\u00e8re fond de la cabine. Nous pouvons utiliser des motifs, logos, vecteurs, photos &#8211; il y a une infinit\u00e9 de possibilit\u00e9s.<\/span><\/p>\n<hr  class=\"x-gap\" style=\"margin: 50px 0 0 0;\">[\/vc_column][\/vc_row][vc_row inner_container=\u00a0\u00bbtrue\u00a0\u00bb][vc_column width=\u00a0\u00bb1\/1&Prime;]<hr  class=\"x-gap\" style=\"margin: 30px 0 0 0;\"><h3 style=\"text-align: center;\">Le forfait complet du PhotoBooth<\/h3>\n<img  class=\"x-img\" style=\"display: block; margin-left: auto; margin-right: auto; width: 1100px;\" src=\"https:\/\/www.photobooth.lu\/wp-content\/uploads\/2014\/01\/The-Package_Join_detailsFR.png\" >[\/vc_column][\/vc_row][vc_row inner_container=\u00a0\u00bbtrue\u00a0\u00bb no_margin=\u00a0\u00bbtrue\u00a0\u00bb][vc_column width=\u00a0\u00bb1\/1&Prime;]<ul  class=\"x-nav x-nav-tabs five-up top\"  data-x-element=\"tab_nav\" data-x-params=\"{&quot;orientation&quot;:&quot;horizontal&quot;}\" role=\"tablist\"><li  class=\"x-nav-tabs-item active\" style=\"font-weight: bold;\" role=\"presentation\"><a id=\"x-legacy-tab-6\" aria-selected=\"true\" aria-controls=\"x-legacy-panel-6\" role=\"tab\" data-x-toggle=\"tab\" data-x-toggleable=\"x-legacy-tab-6\" data-x-toggle-group=\"69e4c4d02a7c3\">Appareil photo et flash<\/a><\/li><li  class=\"x-nav-tabs-item\" style=\"font-weight: bold;\" role=\"presentation\"><a id=\"x-legacy-tab-7\" aria-selected=\"false\" aria-controls=\"x-legacy-panel-7\" role=\"tab\" data-x-toggle=\"tab\" data-x-toggleable=\"x-legacy-tab-7\" data-x-toggle-group=\"69e4c4d02a7c3\">Logiciel et impressions<\/a><\/li><li  class=\"x-nav-tabs-item\" style=\"font-weight: bold;\" role=\"presentation\"><a id=\"x-legacy-tab-8\" aria-selected=\"false\" aria-controls=\"x-legacy-panel-8\" role=\"tab\" data-x-toggle=\"tab\" data-x-toggleable=\"x-legacy-tab-8\" data-x-toggle-group=\"69e4c4d02a7c3\">Galerie en ligne<\/a><\/li><li  class=\"x-nav-tabs-item\" style=\"font-weight: bold;\" role=\"presentation\"><a id=\"x-legacy-tab-9\" aria-selected=\"false\" aria-controls=\"x-legacy-panel-9\" role=\"tab\" data-x-toggle=\"tab\" data-x-toggleable=\"x-legacy-tab-9\" data-x-toggle-group=\"69e4c4d02a7c3\">Partage et collecte de donn\u00e9es<\/a><\/li><li  class=\"x-nav-tabs-item\" style=\"font-weight: bold;\" role=\"presentation\"><a id=\"x-legacy-tab-10\" aria-selected=\"false\" aria-controls=\"x-legacy-panel-10\" role=\"tab\" data-x-toggle=\"tab\" data-x-toggleable=\"x-legacy-tab-10\" data-x-toggle-group=\"69e4c4d02a7c3\">Emailing personnalis\u00e9<\/a><\/li><\/ul><div  class=\"x-tab-content\" ><div id=\"x-legacy-panel-6\" class=\"x-tab-pane active\" style=\"color: #808080;\" aria-hidden=\"false\" aria-labelledby=\"x-legacy-tab-6\" role=\"tabpanel\" data-x-toggleable=\"x-legacy-tab-6\">Le photobooth et le minipod sont dot\u00e9s d\u2019un appareil photo ainsi qu\u2019un flash, permettant une prise de photo en haute d\u00e9finition pour une qualit\u00e9 d\u2019image irr\u00e9prochable. Le flash assure une lumi\u00e8re id\u00e9ale qu\u2019importe l\u2019endroit et les conditions, le photobooth peut \u00eatre utilis\u00e9 de jour comme de nuit sans que \u00e7a n\u2019alt\u00e8re l\u2019excellent r\u00e9sultat de la photo.<\/div><div id=\"x-legacy-panel-7\" class=\"x-tab-pane\" style=\"color: #808080;\" aria-hidden=\"true\" aria-labelledby=\"x-legacy-tab-7\" role=\"tabpanel\" data-x-toggleable=\"x-legacy-tab-7\">Notre logiciel PhotoBooth est tr\u00e8s facile d\u2019utilisation et tr\u00e8s polyvalent. Les utilisateurs peuvent choisir de faire une s\u00e9rie de photos en couleurs ou en noir et blanc, et sont ensuite guid\u00e9s par le programme pour une prise de photo optimale. Les images s\u2019impriment en moins de 30 secondes sur du papier de haute qualit\u00e9, elles sont coll\u00e9es par la suite sur un carton de protection (\u00e9galement enti\u00e8rement personnalisable) \u00e0 l\u2019arri\u00e8re de la photo. Nos graphistes peuvent personnaliser le logiciel de l\u2019\u00e9cran tactile, ainsi que la mise en page et les impressions.<\/div><div id=\"x-legacy-panel-8\" class=\"x-tab-pane\" style=\"color: #808080;\" aria-hidden=\"true\" aria-labelledby=\"x-legacy-tab-8\" role=\"tabpanel\" data-x-toggleable=\"x-legacy-tab-8\">les photos peuvent \u00eatre t\u00e9l\u00e9charg\u00e9es gratuitement depuis notre galerie en ligne (publique ou priv\u00e9e) sur notre site internet les jours suivants l\u2019\u00e9v\u00e9nement. Nous pouvons \u00e9galement mettre en place un syst\u00e8me de t\u00e9l\u00e9chargement instantan\u00e9 sur une page Facebook pour les \u00e9v\u00e9nements d\u2019affaire.<\/div><div id=\"x-legacy-panel-9\" class=\"x-tab-pane\" style=\"color: #808080;\" aria-hidden=\"true\" aria-labelledby=\"x-legacy-tab-9\" role=\"tabpanel\" data-x-toggleable=\"x-legacy-tab-9\">Les utilisateurs peuvent envoyer leur photo num\u00e9rique par e-mail ou le partager sur Facebook directement depuis notre Photobooth. Pour augmenter le flux de passage dans la cabine, le logiciel peut envoyer les photos instantan\u00e9ment sur une tablette \u00e0 l\u2019ext\u00e9rieur de la cabine, depuis laquelle on peut facilement partager les photos. Nous pouvons ajouter jusqu\u2019\u00e0 10 champs d\u2019utilisateur pour recueillir diverses informations avant de prendre ou d\u2019envoyer la photo.<\/div><div id=\"x-legacy-panel-10\" class=\"x-tab-pane\" style=\"color: #808080;\" aria-hidden=\"true\" aria-labelledby=\"x-legacy-tab-10\" role=\"tabpanel\" data-x-toggleable=\"x-legacy-tab-10\">Lorsque les utilisateurs envoient leur photo par mail, ils peuvent recevoir \u00e9galement un code HTML pouvant contenir un message promotionnel, des informations suppl\u00e9mentaires ou tout simplement un texte brut.<\/div><\/div><hr  class=\"x-gap\" style=\"margin: 60px 0 0 0;\">[\/vc_column][\/vc_row][vc_row inner_container=\u00a0\u00bbtrue\u00a0\u00bb no_margin=\u00a0\u00bbtrue\u00a0\u00bb bg_color=\u00a0\u00bb#e6e6e6&Prime;][vc_column fade_animation=\u00a0\u00bbin-from-right\u00a0\u00bb fade_animation_offset=\u00a0\u00bb500px\u00a0\u00bb width=\u00a0\u00bb1\/1&Prime;]<hr  class=\"x-gap\" style=\"margin: 40px 0 0 0;\"><img  class=\"x-img\" style=\"width: 400px; display: block; margin-left: auto; margin-right: auto;\" src=\"https:\/\/www.photobooth.lu\/wp-content\/uploads\/2014\/01\/pbpackages-image-FR.png\" ><a id=\"packagesbutton\" class=\"x-img x-img-link\" style=\"width: 300px; display: block; margin-left: auto; margin-right: auto;\" href=\"http:\/\/www.photobooth.lu\/packages\/\"     data-options=\"thumbnail: 'https:\/\/www.photobooth.lu\/wp-content\/uploads\/2014\/01\/packages_buttonFR.png'\"><img src=\"https:\/\/www.photobooth.lu\/wp-content\/uploads\/2014\/01\/packages_buttonFR.png\" ><\/a><hr  class=\"x-gap\" style=\"margin: 20px 0 0 0;\"><hr  class=\"x-gap\" style=\"margin: 50px 0 0 0;\">[\/vc_column][\/vc_row]","protected":false},"excerpt":{"rendered":"<p>[vc_row no_margin=\u00a0\u00bbtrue\u00a0\u00bb bg_image=\u00a0\u00bb6727&Prime;][vc_column width=\u00a0\u00bb2\/3&Prime;][\/vc_column][vc_column width=\u00a0\u00bb1\/3&Prime;][\/vc_column][\/vc_row][vc_row inner_container=\u00a0\u00bbtrue\u00a0\u00bb no_margin=\u00a0\u00bbtrue\u00a0\u00bb][vc_column width=\u00a0\u00bb1\/2&Prime;][\/vc_column][vc_column width=\u00a0\u00bb1\/2&Prime; font_color=\u00a0\u00bb#8e8e8e\u00a0\u00bb][\/vc_column][\/vc_row][vc_row inner_container=\u00a0\u00bbtrue\u00a0\u00bb no_margin=\u00a0\u00bbtrue\u00a0\u00bb bg_color=\u00a0\u00bb#f7f7f7&Prime;][vc_column width=\u00a0\u00bb1\/1&Prime;][\/vc_column][\/vc_row][vc_row inner_container=\u00a0\u00bbtrue\u00a0\u00bb no_margin=\u00a0\u00bbtrue\u00a0\u00bb bg_color=\u00a0\u00bb#f7f7f7&Prime;][vc_column fade_animation=\u00a0\u00bbin-from-right\u00a0\u00bb fade_animation_offset=\u00a0\u00bb6000px\u00a0\u00bb width=\u00a0\u00bb1\/3&Prime;][\/vc_column][vc_column fade_animation=\u00a0\u00bbin-from-right\u00a0\u00bb fade_animation_offset=\u00a0\u00bb5000px\u00a0\u00bb width=\u00a0\u00bb1\/3&Prime;][\/vc_column][vc_column fade_animation=\u00a0\u00bbin-from-right\u00a0\u00bb fade_animation_offset=\u00a0\u00bb4000px\u00a0\u00bb width=\u00a0\u00bb1\/3&Prime;][\/vc_column][\/vc_row][vc_row inner_container=\u00a0\u00bbtrue\u00a0\u00bb][vc_column width=\u00a0\u00bb1\/1&Prime;][\/vc_column][\/vc_row][vc_row inner_container=\u00a0\u00bbtrue\u00a0\u00bb no_margin=\u00a0\u00bbtrue\u00a0\u00bb][vc_column width=\u00a0\u00bb1\/1&Prime;][\/vc_column][\/vc_row][vc_row inner_container=\u00a0\u00bbtrue\u00a0\u00bb no_margin=\u00a0\u00bbtrue\u00a0\u00bb bg_color=\u00a0\u00bb#e6e6e6&Prime;][vc_column fade_animation=\u00a0\u00bbin-from-right\u00a0\u00bb fade_animation_offset=\u00a0\u00bb500px\u00a0\u00bb width=\u00a0\u00bb1\/1&Prime;][\/vc_column][\/vc_row]<\/p>\n","protected":false},"author":1,"featured_media":0,"parent":0,"menu_order":0,"comment_status":"closed","ping_status":"open","template":"template-blank-4.php","meta":[],"yoast_head":"<!-- This site is optimized with the Yoast SEO plugin v18.1 - https:\/\/yoast.com\/wordpress\/plugins\/seo\/ -->\n<title>Photomaton - Le Photobooth Luxembourg<\/title>\n<meta name=\"description\" content=\"D\u00e9couvrez notre photomaton personnalisable - impressions photos instantan\u00e9es, habillage cabine customis\u00e9 et partage sur les r\u00e9seaux sociaux\" \/>\n<meta name=\"robots\" content=\"index, follow, max-snippet:-1, max-image-preview:large, max-video-preview:-1\" \/>\n<link rel=\"canonical\" href=\"https:\/\/www.photobooth.lu\/fr\/the-booth\/\" \/>\n<meta property=\"og:locale\" content=\"fr_FR\" \/>\n<meta property=\"og:type\" content=\"article\" \/>\n<meta property=\"og:title\" content=\"Photomaton - Le Photobooth Luxembourg\" \/>\n<meta property=\"og:description\" content=\"D\u00e9couvrez notre photomaton personnalisable - impressions photos instantan\u00e9es, habillage cabine customis\u00e9 et partage sur les r\u00e9seaux sociaux\" \/>\n<meta property=\"og:url\" content=\"https:\/\/www.photobooth.lu\/fr\/the-booth\/\" \/>\n<meta property=\"og:site_name\" content=\"Le Photobooth Luxembourg\" \/>\n<meta property=\"article:publisher\" content=\"https:\/\/www.facebook.com\/photobooth.lu\" \/>\n<meta property=\"article:modified_time\" content=\"2016-04-15T17:25:49+00:00\" \/>\n<meta name=\"twitter:label1\" content=\"Dur\u00e9e de lecture estim\u00e9e\" \/>\n\t<meta name=\"twitter:data1\" content=\"9 minutes\" \/>\n<script type=\"application\/ld+json\" class=\"yoast-schema-graph\">{\"@context\":\"https:\/\/schema.org\",\"@graph\":[{\"@type\":\"WebSite\",\"@id\":\"https:\/\/www.photobooth.lu\/fr\/#website\",\"url\":\"https:\/\/www.photobooth.lu\/fr\/\",\"name\":\"Le Photobooth Luxembourg\",\"description\":\"Custom event photobooths in Luxembourg\",\"potentialAction\":[{\"@type\":\"SearchAction\",\"target\":{\"@type\":\"EntryPoint\",\"urlTemplate\":\"https:\/\/www.photobooth.lu\/fr\/?s={search_term_string}\"},\"query-input\":\"required name=search_term_string\"}],\"inLanguage\":\"fr-FR\"},{\"@type\":\"WebPage\",\"@id\":\"https:\/\/www.photobooth.lu\/fr\/the-booth\/#webpage\",\"url\":\"https:\/\/www.photobooth.lu\/fr\/the-booth\/\",\"name\":\"Photomaton - Le Photobooth Luxembourg\",\"isPartOf\":{\"@id\":\"https:\/\/www.photobooth.lu\/fr\/#website\"},\"datePublished\":\"2015-02-09T17:26:26+00:00\",\"dateModified\":\"2016-04-15T17:25:49+00:00\",\"description\":\"D\u00e9couvrez notre photomaton personnalisable - impressions photos instantan\u00e9es, habillage cabine customis\u00e9 et partage sur les r\u00e9seaux sociaux\",\"breadcrumb\":{\"@id\":\"https:\/\/www.photobooth.lu\/fr\/the-booth\/#breadcrumb\"},\"inLanguage\":\"fr-FR\",\"potentialAction\":[{\"@type\":\"ReadAction\",\"target\":[\"https:\/\/www.photobooth.lu\/fr\/the-booth\/\"]}]},{\"@type\":\"BreadcrumbList\",\"@id\":\"https:\/\/www.photobooth.lu\/fr\/the-booth\/#breadcrumb\",\"itemListElement\":[{\"@type\":\"ListItem\",\"position\":1,\"name\":\"Home\",\"item\":\"https:\/\/www.photobooth.lu\/\"},{\"@type\":\"ListItem\",\"position\":2,\"name\":\"Le Photomaton\"}]}]}<\/script>\n<!-- \/ Yoast SEO plugin. -->","yoast_head_json":{"title":"Photomaton - Le Photobooth Luxembourg","description":"D\u00e9couvrez notre photomaton personnalisable - impressions photos instantan\u00e9es, habillage cabine customis\u00e9 et partage sur les r\u00e9seaux sociaux","robots":{"index":"index","follow":"follow","max-snippet":"max-snippet:-1","max-image-preview":"max-image-preview:large","max-video-preview":"max-video-preview:-1"},"canonical":"https:\/\/www.photobooth.lu\/fr\/the-booth\/","og_locale":"fr_FR","og_type":"article","og_title":"Photomaton - Le Photobooth Luxembourg","og_description":"D\u00e9couvrez notre photomaton personnalisable - impressions photos instantan\u00e9es, habillage cabine customis\u00e9 et partage sur les r\u00e9seaux sociaux","og_url":"https:\/\/www.photobooth.lu\/fr\/the-booth\/","og_site_name":"Le Photobooth Luxembourg","article_publisher":"https:\/\/www.facebook.com\/photobooth.lu","article_modified_time":"2016-04-15T17:25:49+00:00","twitter_misc":{"Dur\u00e9e de lecture estim\u00e9e":"9 minutes"},"schema":{"@context":"https:\/\/schema.org","@graph":[{"@type":"WebSite","@id":"https:\/\/www.photobooth.lu\/fr\/#website","url":"https:\/\/www.photobooth.lu\/fr\/","name":"Le Photobooth Luxembourg","description":"Custom event photobooths in Luxembourg","potentialAction":[{"@type":"SearchAction","target":{"@type":"EntryPoint","urlTemplate":"https:\/\/www.photobooth.lu\/fr\/?s={search_term_string}"},"query-input":"required name=search_term_string"}],"inLanguage":"fr-FR"},{"@type":"WebPage","@id":"https:\/\/www.photobooth.lu\/fr\/the-booth\/#webpage","url":"https:\/\/www.photobooth.lu\/fr\/the-booth\/","name":"Photomaton - Le Photobooth Luxembourg","isPartOf":{"@id":"https:\/\/www.photobooth.lu\/fr\/#website"},"datePublished":"2015-02-09T17:26:26+00:00","dateModified":"2016-04-15T17:25:49+00:00","description":"D\u00e9couvrez notre photomaton personnalisable - impressions photos instantan\u00e9es, habillage cabine customis\u00e9 et partage sur les r\u00e9seaux sociaux","breadcrumb":{"@id":"https:\/\/www.photobooth.lu\/fr\/the-booth\/#breadcrumb"},"inLanguage":"fr-FR","potentialAction":[{"@type":"ReadAction","target":["https:\/\/www.photobooth.lu\/fr\/the-booth\/"]}]},{"@type":"BreadcrumbList","@id":"https:\/\/www.photobooth.lu\/fr\/the-booth\/#breadcrumb","itemListElement":[{"@type":"ListItem","position":1,"name":"Home","item":"https:\/\/www.photobooth.lu\/"},{"@type":"ListItem","position":2,"name":"Le Photomaton"}]}]}},"post_mailing_queue_ids":[],"_links":{"self":[{"href":"https:\/\/www.photobooth.lu\/fr\/wp-json\/wp\/v2\/pages\/6722"}],"collection":[{"href":"https:\/\/www.photobooth.lu\/fr\/wp-json\/wp\/v2\/pages"}],"about":[{"href":"https:\/\/www.photobooth.lu\/fr\/wp-json\/wp\/v2\/types\/page"}],"author":[{"embeddable":true,"href":"https:\/\/www.photobooth.lu\/fr\/wp-json\/wp\/v2\/users\/1"}],"replies":[{"embeddable":true,"href":"https:\/\/www.photobooth.lu\/fr\/wp-json\/wp\/v2\/comments?post=6722"}],"version-history":[{"count":100,"href":"https:\/\/www.photobooth.lu\/fr\/wp-json\/wp\/v2\/pages\/6722\/revisions"}],"predecessor-version":[{"id":13027,"href":"https:\/\/www.photobooth.lu\/fr\/wp-json\/wp\/v2\/pages\/6722\/revisions\/13027"}],"wp:attachment":[{"href":"https:\/\/www.photobooth.lu\/fr\/wp-json\/wp\/v2\/media?parent=6722"}],"curies":[{"name":"wp","href":"https:\/\/api.w.org\/{rel}","templated":true}]}}