{"id":5315,"date":"2014-11-19T18:28:38","date_gmt":"2014-11-19T17:28:38","guid":{"rendered":"http:\/\/www.photobooth.lu\/?page_id=5315"},"modified":"2016-04-15T21:14:05","modified_gmt":"2016-04-15T20:14:05","slug":"reservez","status":"publish","type":"page","link":"https:\/\/www.photobooth.lu\/fr\/reservez\/","title":{"rendered":"R\u00e9servez"},"content":{"rendered":"[vc_row no_margin=\u00a0\u00bbtrue\u00a0\u00bb bg_color=\u00a0\u00bb#84c7c2&Prime;][vc_column width=\u00a0\u00bb1\/1&Prime;]<hr  class=\"x-gap\" style=\"margin: 10px 0 0 0;\"><img  class=\"x-img\" style=\"width: 650px; display: block; margin-left: auto; margin-right:auto;\" src=\"https:\/\/www.photobooth.lu\/wp-content\/uploads\/2014\/02\/banner-book-FR.png\" >[\/vc_column][\/vc_row][vc_row inner_container=\u00a0\u00bbtrue\u00a0\u00bb no_margin=\u00a0\u00bbtrue\u00a0\u00bb bg_color=\u00a0\u00bb#efefef\u00a0\u00bb][vc_column width=\u00a0\u00bb1\/6&Prime;]<hr  class=\"x-gap\" style=\"margin: 5px 0 0 0;\">[\/vc_column][vc_column width=\u00a0\u00bb2\/3&Prime;]<hr  class=\"x-gap\" style=\"margin: 20px 0 0 0;\"><img  class=\"x-img\" style=\"width: 450px; display: block; margin-left: auto; margin-right:auto;\" src=\"https:\/\/www.photobooth.lu\/wp-content\/uploads\/2014\/02\/reserve-FR.png\" ><div role=\"form\" class=\"wpcf7\" id=\"wpcf7-f13060-o2\" lang=\"en-US\" dir=\"ltr\">\n<div class=\"screen-reader-response\"><p role=\"status\" aria-live=\"polite\" aria-atomic=\"true\"><\/p> <ul><\/ul><\/div>\n<form action=\"\/fr\/wp-json\/wp\/v2\/pages\/5315#wpcf7-f13060-o2\" method=\"post\" class=\"wpcf7-form init\" novalidate=\"novalidate\" data-status=\"init\">\n<div style=\"display: none;\">\n<input type=\"hidden\" name=\"_wpcf7\" value=\"13060\" \/>\n<input type=\"hidden\" name=\"_wpcf7_version\" value=\"5.5.4\" \/>\n<input type=\"hidden\" name=\"_wpcf7_locale\" value=\"en_US\" \/>\n<input type=\"hidden\" name=\"_wpcf7_unit_tag\" value=\"wpcf7-f13060-o2\" \/>\n<input type=\"hidden\" name=\"_wpcf7_container_post\" value=\"0\" \/>\n<input type=\"hidden\" name=\"_wpcf7_posted_data_hash\" value=\"\" \/>\n<\/div>\n<p><span STYLE=\"font-weight:bold\">Nom*: <\/span><br \/>\n    <span class=\"wpcf7-form-control-wrap your-name\"><input type=\"text\" name=\"your-name\" value=\"\" size=\"40\" class=\"wpcf7-form-control wpcf7-text wpcf7-validates-as-required\" aria-required=\"true\" aria-invalid=\"false\" \/><\/span> <\/p>\n<p><span STYLE=\"font-weight:bold\">Soci\u00e9t\u00e9: <\/span><br \/>\n    <span class=\"wpcf7-form-control-wrap company\"><input type=\"text\" name=\"company\" value=\"\" size=\"40\" class=\"wpcf7-form-control wpcf7-text\" aria-invalid=\"false\" \/><\/span> <\/p>\n<p><span STYLE=\"font-weight:bold\">Email*: <\/span><br \/>\n    <span class=\"wpcf7-form-control-wrap your-email\"><input type=\"email\" name=\"your-email\" value=\"\" size=\"40\" class=\"wpcf7-form-control wpcf7-text wpcf7-email wpcf7-validates-as-required wpcf7-validates-as-email\" aria-required=\"true\" aria-invalid=\"false\" \/><\/span> <\/p>\n<p><span STYLE=\"font-weight:bold\">T\u00e9l\u00e9phone: <\/span><br \/>\n    <span class=\"wpcf7-form-control-wrap Telephone\"><input type=\"tel\" name=\"Telephone\" value=\"\" size=\"40\" class=\"wpcf7-form-control wpcf7-text wpcf7-tel wpcf7-validates-as-tel\" aria-invalid=\"false\" \/><\/span> <\/p>\n<p><span STYLE=\"font-weight:bold\">Type d'\u00e9v\u00e9nement*: <\/span><br \/>\n    <span class=\"wpcf7-form-control-wrap event-name\"><input type=\"text\" name=\"event-name\" value=\"\" size=\"40\" class=\"wpcf7-form-control wpcf7-text wpcf7-validates-as-required\" aria-required=\"true\" aria-invalid=\"false\" \/><\/span> <\/p>\n<p><span STYLE=\"font-weight:bold\">Date de l\u2019\u00e9v\u00e9nement*: <\/span><br \/>\n <span class=\"wpcf7-form-control-wrap Date\"><input type=\"date\" name=\"Date\" value=\"\" class=\"wpcf7-form-control wpcf7-date wpcf7-validates-as-required wpcf7-validates-as-date\" aria-required=\"true\" aria-invalid=\"false\" placeholder=\"YYYY-MM-DD\" \/><\/span> <\/p>\n<p><span STYLE=\"font-weight:bold\">Lieu de l\u2019\u00e9v\u00e9nement*: <\/span><br \/>\n    <span class=\"wpcf7-form-control-wrap location\"><input type=\"text\" name=\"location\" value=\"\" size=\"40\" class=\"wpcf7-form-control wpcf7-text wpcf7-validates-as-required\" aria-required=\"true\" aria-invalid=\"false\" \/><\/span> <\/p>\n<p><span STYLE=\"font-weight:bold\">D\u00e9but et fin de l\u2019activit\u00e9 du photobooth*:<\/span><br \/>\n<table align=\"center\">\n<table>\n<tr>\n<td align=\"center\">De <span class=\"wpcf7-form-control-wrap start\"><input type=\"text\" name=\"start\" value=\"\" size=\"40\" class=\"wpcf7-form-control wpcf7-text wpcf7-validates-as-required\" aria-required=\"true\" aria-invalid=\"false\" \/><\/span><\/td>\n<td align=\"center\">\u00e0 <span class=\"wpcf7-form-control-wrap finish\"><input type=\"text\" name=\"finish\" value=\"\" size=\"40\" class=\"wpcf7-form-control wpcf7-text wpcf7-validates-as-required\" aria-required=\"true\" aria-invalid=\"false\" \/><\/span><\/p>\n<\/td>\n<\/tr>\n<\/table>\n<p><span STYLE=\"font-weight:bold\">Forfait Le Photobooth*: <\/span><\/p>\n<table align=\"center\">\n<table>\n<tr>\n<td align=\"center\">\n<div class=\"radiooption\"> <label> <img src=\"http:\/\/www.photobooth.lu\/wp-content\/uploads\/2015\/03\/icons-mini.png\"> <span class=\"wpcf7-form-control-wrap radio-123\"><span class=\"wpcf7-form-control wpcf7-radio\"><span class=\"wpcf7-list-item first last\"><input type=\"radio\" name=\"radio-123\" value=\"Le Mini\" \/><span class=\"wpcf7-list-item-label\">Le Mini<\/span><\/span><\/span><\/span> <\/label>\n<\/div>\n<\/td>\n<td align=\"center\">\n<div class=\"radiooption\"> <label> <img src=\"http:\/\/www.photobooth.lu\/wp-content\/uploads\/2014\/11\/icons-01.png\"> <span class=\"wpcf7-form-control-wrap radio-123\"><span class=\"wpcf7-form-control wpcf7-radio\"><span class=\"wpcf7-list-item first last\"><input type=\"radio\" name=\"radio-123\" value=\"Le Basic\" \/><span class=\"wpcf7-list-item-label\">Le Basic<\/span><\/span><\/span><\/span> <\/label><\/div>\n<\/td>\n<\/tr>\n<\/table>\n<table>\n<tr>\n<td align=\"center\">\n<div class=\"radiooption\"> <label> <img src=\"http:\/\/www.photobooth.lu\/wp-content\/uploads\/2014\/11\/icons-02.png\"> <span class=\"wpcf7-form-control-wrap radio-123\"><span class=\"wpcf7-form-control wpcf7-radio\"><span class=\"wpcf7-list-item first last\"><input type=\"radio\" name=\"radio-123\" value=\"Le Plus\" \/><span class=\"wpcf7-list-item-label\">Le Plus<\/span><\/span><\/span><\/span> <\/label>\n<\/div>\n<\/td>\n<td align=\"center\">\n<div class=\"radiooption\"> <label> <img src=\"http:\/\/www.photobooth.lu\/wp-content\/uploads\/2014\/11\/icons-03.png\"> <span class=\"wpcf7-form-control-wrap radio-123\"><span class=\"wpcf7-form-control wpcf7-radio\"><span class=\"wpcf7-list-item first last\"><input type=\"radio\" name=\"radio-123\" value=\"Le Royal\" \/><span class=\"wpcf7-list-item-label\">Le Royal<\/span><\/span><\/span><\/span> <\/label>\n<\/div>\n<\/td>\n<\/tr>\n<\/table>\n<p><span STYLE=\"font-weight:lighter\">Pour plus d'informations sur les forfaits, veuillez visiter la section <a href=\"http:\/\/www.photobooth.lu\/fr\/forfaits\/\" target=\"_blank\">Forfaits<\/a> sur notre site.<\/span><\/p>\n<p><span STYLE=\"font-weight:bold\">Message:<br \/><\/span><br \/>\n    <span class=\"wpcf7-form-control-wrap comments\"><textarea name=\"comments\" cols=\"40\" rows=\"10\" class=\"wpcf7-form-control wpcf7-textarea\" aria-invalid=\"false\"><\/textarea><\/span> <\/p>\n<p><input type=\"submit\" value=\"Envoyez\" class=\"wpcf7-form-control has-spinner wpcf7-submit\" \/><\/p>\n<div class=\"wpcf7-response-output\" aria-hidden=\"true\"><\/div><\/form><\/div><hr  class=\"x-gap\" style=\"margin: 50px 0 0 0;\">[\/vc_column][vc_column width=\u00a0\u00bb1\/6&Prime;][\/vc_column][\/vc_row][vc_row inner_container=\u00a0\u00bbtrue\u00a0\u00bb no_margin=\u00a0\u00bbtrue\u00a0\u00bb bg_color=\u00a0\u00bb#efefef\u00a0\u00bb][vc_column width=\u00a0\u00bb1\/1&Prime;]<hr  class=\"x-gap\" style=\"margin: 5px 0 0 0;\"><p style=\"text-align: center;\">Nous prendrons rapidement contact avec vous concernant votre r\u00e9servation. Vous serez alors en mesure de choisir des fonctionnalit\u00e9s suppl\u00e9mentaires et de finaliser votre r\u00e9servation.<\/p>\n<p style=\"text-align: center;\">Nous vous remercions de nous avoir choisi et n\u2019oubliez pas de sourire\u00a0!<\/p>\n<hr  class=\"x-gap\" style=\"margin: 70px 0 0 0;\">[\/vc_column][\/vc_row]","protected":false},"excerpt":{"rendered":"<p>[vc_row no_margin=\u00a0\u00bbtrue\u00a0\u00bb bg_color=\u00a0\u00bb#84c7c2&Prime;][vc_column width=\u00a0\u00bb1\/1&Prime;][\/vc_column][\/vc_row][vc_row inner_container=\u00a0\u00bbtrue\u00a0\u00bb no_margin=\u00a0\u00bbtrue\u00a0\u00bb bg_color=\u00a0\u00bb#efefef\u00a0\u00bb][vc_column width=\u00a0\u00bb1\/6&Prime;][\/vc_column][vc_column width=\u00a0\u00bb2\/3&Prime;][\/vc_column][vc_column width=\u00a0\u00bb1\/6&Prime;][\/vc_column][\/vc_row][vc_row inner_container=\u00a0\u00bbtrue\u00a0\u00bb no_margin=\u00a0\u00bbtrue\u00a0\u00bb bg_color=\u00a0\u00bb#efefef\u00a0\u00bb][vc_column width=\u00a0\u00bb1\/1&Prime;][\/vc_column][\/vc_row]<\/p>\n","protected":false},"author":1,"featured_media":0,"parent":0,"menu_order":0,"comment_status":"closed","ping_status":"open","template":"template-blank-4.php","meta":[],"yoast_head":"<!-- This site is optimized with the Yoast SEO plugin v18.1 - https:\/\/yoast.com\/wordpress\/plugins\/seo\/ -->\n<title>Le Photobooth Luxembourg - R\u00e9servez<\/title>\n<meta name=\"description\" content=\"R\u00e9servez votre Photobooth maintenant !\" \/>\n<meta name=\"robots\" content=\"index, follow, max-snippet:-1, max-image-preview:large, max-video-preview:-1\" \/>\n<link rel=\"canonical\" href=\"https:\/\/www.photobooth.lu\/reservez\/\" \/>\n<meta property=\"og:locale\" content=\"fr_FR\" \/>\n<meta property=\"og:type\" content=\"article\" \/>\n<meta property=\"og:title\" content=\"Le Photobooth Luxembourg - R\u00e9servez\" \/>\n<meta property=\"og:description\" content=\"R\u00e9servez votre Photobooth maintenant !\" \/>\n<meta property=\"og:url\" content=\"https:\/\/www.photobooth.lu\/reservez\/\" \/>\n<meta property=\"og:site_name\" content=\"Le Photobooth Luxembourg\" \/>\n<meta property=\"article:publisher\" content=\"https:\/\/www.facebook.com\/photobooth.lu\" \/>\n<meta property=\"article:modified_time\" content=\"2016-04-15T20:14:05+00:00\" \/>\n<meta property=\"og:image\" content=\"https:\/\/www.photobooth.lu\/wp-content\/uploads\/2014\/11\/bookshare-01.jpg\" \/>\n\t<meta property=\"og:image:width\" content=\"1200\" \/>\n\t<meta property=\"og:image:height\" content=\"630\" \/>\n\t<meta property=\"og:image:type\" content=\"image\/jpeg\" \/>\n<meta name=\"twitter:label1\" content=\"Dur\u00e9e de lecture estim\u00e9e\" \/>\n\t<meta name=\"twitter:data1\" content=\"2 minutes\" \/>\n<script type=\"application\/ld+json\" class=\"yoast-schema-graph\">{\"@context\":\"https:\/\/schema.org\",\"@graph\":[{\"@type\":\"WebSite\",\"@id\":\"https:\/\/www.photobooth.lu\/fr\/#website\",\"url\":\"https:\/\/www.photobooth.lu\/fr\/\",\"name\":\"Le Photobooth Luxembourg\",\"description\":\"Custom event photobooths in Luxembourg\",\"potentialAction\":[{\"@type\":\"SearchAction\",\"target\":{\"@type\":\"EntryPoint\",\"urlTemplate\":\"https:\/\/www.photobooth.lu\/fr\/?s={search_term_string}\"},\"query-input\":\"required name=search_term_string\"}],\"inLanguage\":\"fr-FR\"},{\"@type\":\"ImageObject\",\"@id\":\"https:\/\/www.photobooth.lu\/reservez\/#primaryimage\",\"inLanguage\":\"fr-FR\",\"url\":\"https:\/\/www.photobooth.lu\/wp-content\/uploads\/2014\/11\/bookshare-01.jpg\",\"contentUrl\":\"https:\/\/www.photobooth.lu\/wp-content\/uploads\/2014\/11\/bookshare-01.jpg\",\"width\":1200,\"height\":630},{\"@type\":\"WebPage\",\"@id\":\"https:\/\/www.photobooth.lu\/reservez\/#webpage\",\"url\":\"https:\/\/www.photobooth.lu\/reservez\/\",\"name\":\"Le Photobooth Luxembourg - R\u00e9servez\",\"isPartOf\":{\"@id\":\"https:\/\/www.photobooth.lu\/fr\/#website\"},\"datePublished\":\"2014-11-19T17:28:38+00:00\",\"dateModified\":\"2016-04-15T20:14:05+00:00\",\"description\":\"R\u00e9servez votre Photobooth maintenant !\",\"breadcrumb\":{\"@id\":\"https:\/\/www.photobooth.lu\/reservez\/#breadcrumb\"},\"inLanguage\":\"fr-FR\",\"potentialAction\":[{\"@type\":\"ReadAction\",\"target\":[\"https:\/\/www.photobooth.lu\/reservez\/\"]}]},{\"@type\":\"BreadcrumbList\",\"@id\":\"https:\/\/www.photobooth.lu\/reservez\/#breadcrumb\",\"itemListElement\":[{\"@type\":\"ListItem\",\"position\":1,\"name\":\"Home\",\"item\":\"https:\/\/www.photobooth.lu\/\"},{\"@type\":\"ListItem\",\"position\":2,\"name\":\"Book it\"}]}]}<\/script>\n<!-- \/ Yoast SEO plugin. -->","yoast_head_json":{"title":"Le Photobooth Luxembourg - R\u00e9servez","description":"R\u00e9servez votre Photobooth maintenant !","robots":{"index":"index","follow":"follow","max-snippet":"max-snippet:-1","max-image-preview":"max-image-preview:large","max-video-preview":"max-video-preview:-1"},"canonical":"https:\/\/www.photobooth.lu\/reservez\/","og_locale":"fr_FR","og_type":"article","og_title":"Le Photobooth Luxembourg - R\u00e9servez","og_description":"R\u00e9servez votre Photobooth maintenant !","og_url":"https:\/\/www.photobooth.lu\/reservez\/","og_site_name":"Le Photobooth Luxembourg","article_publisher":"https:\/\/www.facebook.com\/photobooth.lu","article_modified_time":"2016-04-15T20:14:05+00:00","og_image":[{"width":1200,"height":630,"url":"https:\/\/www.photobooth.lu\/wp-content\/uploads\/2014\/11\/bookshare-01.jpg","type":"image\/jpeg"}],"twitter_misc":{"Dur\u00e9e de lecture estim\u00e9e":"2 minutes"},"schema":{"@context":"https:\/\/schema.org","@graph":[{"@type":"WebSite","@id":"https:\/\/www.photobooth.lu\/fr\/#website","url":"https:\/\/www.photobooth.lu\/fr\/","name":"Le Photobooth Luxembourg","description":"Custom event photobooths in Luxembourg","potentialAction":[{"@type":"SearchAction","target":{"@type":"EntryPoint","urlTemplate":"https:\/\/www.photobooth.lu\/fr\/?s={search_term_string}"},"query-input":"required name=search_term_string"}],"inLanguage":"fr-FR"},{"@type":"ImageObject","@id":"https:\/\/www.photobooth.lu\/reservez\/#primaryimage","inLanguage":"fr-FR","url":"https:\/\/www.photobooth.lu\/wp-content\/uploads\/2014\/11\/bookshare-01.jpg","contentUrl":"https:\/\/www.photobooth.lu\/wp-content\/uploads\/2014\/11\/bookshare-01.jpg","width":1200,"height":630},{"@type":"WebPage","@id":"https:\/\/www.photobooth.lu\/reservez\/#webpage","url":"https:\/\/www.photobooth.lu\/reservez\/","name":"Le Photobooth Luxembourg - R\u00e9servez","isPartOf":{"@id":"https:\/\/www.photobooth.lu\/fr\/#website"},"datePublished":"2014-11-19T17:28:38+00:00","dateModified":"2016-04-15T20:14:05+00:00","description":"R\u00e9servez votre Photobooth maintenant !","breadcrumb":{"@id":"https:\/\/www.photobooth.lu\/reservez\/#breadcrumb"},"inLanguage":"fr-FR","potentialAction":[{"@type":"ReadAction","target":["https:\/\/www.photobooth.lu\/reservez\/"]}]},{"@type":"BreadcrumbList","@id":"https:\/\/www.photobooth.lu\/reservez\/#breadcrumb","itemListElement":[{"@type":"ListItem","position":1,"name":"Home","item":"https:\/\/www.photobooth.lu\/"},{"@type":"ListItem","position":2,"name":"Book it"}]}]}},"post_mailing_queue_ids":[],"_links":{"self":[{"href":"https:\/\/www.photobooth.lu\/fr\/wp-json\/wp\/v2\/pages\/5315"}],"collection":[{"href":"https:\/\/www.photobooth.lu\/fr\/wp-json\/wp\/v2\/pages"}],"about":[{"href":"https:\/\/www.photobooth.lu\/fr\/wp-json\/wp\/v2\/types\/page"}],"author":[{"embeddable":true,"href":"https:\/\/www.photobooth.lu\/fr\/wp-json\/wp\/v2\/users\/1"}],"replies":[{"embeddable":true,"href":"https:\/\/www.photobooth.lu\/fr\/wp-json\/wp\/v2\/comments?post=5315"}],"version-history":[{"count":20,"href":"https:\/\/www.photobooth.lu\/fr\/wp-json\/wp\/v2\/pages\/5315\/revisions"}],"predecessor-version":[{"id":13061,"href":"https:\/\/www.photobooth.lu\/fr\/wp-json\/wp\/v2\/pages\/5315\/revisions\/13061"}],"wp:attachment":[{"href":"https:\/\/www.photobooth.lu\/fr\/wp-json\/wp\/v2\/media?parent=5315"}],"curies":[{"name":"wp","href":"https:\/\/api.w.org\/{rel}","templated":true}]}}