{"id":4026,"date":"2014-07-17T15:47:09","date_gmt":"2014-07-17T14:47:09","guid":{"rendered":"http:\/\/www.photobooth.lu\/?page_id=4026"},"modified":"2017-05-30T10:14:07","modified_gmt":"2017-05-30T09:14:07","slug":"personalisation","status":"publish","type":"page","link":"https:\/\/www.photobooth.lu\/fr\/personalisation\/","title":{"rendered":"Personnalisez-le"},"content":{"rendered":"[vc_row inner_container=\u00a0\u00bbtrue\u00a0\u00bb no_margin=\u00a0\u00bbtrue\u00a0\u00bb padding_top=\u00a0\u00bb0px\u00a0\u00bb padding_bottom=\u00a0\u00bb0px\u00a0\u00bb bg_color=\u00a0\u00bb#84c7c2&Prime;][vc_column fade_animation_offset=\u00a0\u00bb45px\u00a0\u00bb width=\u00a0\u00bb1\/1&Prime;]<img  class=\"x-img man\" style=\"width=800px; display=block; margin-left=auto; margin-right=auto; margin-bottom=0em;\" src=\"https:\/\/www.photobooth.lu\/wp-content\/uploads\/2014\/07\/banner-FR-01.png\" >[\/vc_column][\/vc_row][vc_row inner_container=\u00a0\u00bbtrue\u00a0\u00bb no_margin=\u00a0\u00bbtrue\u00a0\u00bb padding_top=\u00a0\u00bb0px\u00a0\u00bb padding_bottom=\u00a0\u00bb0px\u00a0\u00bb bg_color=\u00a0\u00bb#efefef\u00a0\u00bb][vc_column fade_animation_offset=\u00a0\u00bb45px\u00a0\u00bb width=\u00a0\u00bb1\/2&Prime;]<hr  class=\"x-gap\" style=\"margin: 40px 0 0 0;\"><img  class=\"x-img\" style=\"width=400px; display=block; margin-left:auto; margin-right:auto;\" src=\"https:\/\/www.photobooth.lu\/wp-content\/uploads\/2014\/07\/Circles_2.png\" >[\/vc_column][vc_column fade_animation_offset=\u00a0\u00bb45px\u00a0\u00bb width=\u00a0\u00bb1\/2&Prime;]<hr  class=\"x-gap\" style=\"margin: 40px 0 0 0;\"><h3 style=\"text-align: center;\"><span style=\"color: #434244;\">Les impressions<\/span><\/h3>\n<p style=\"text-align: center;\"><span style=\"color: #999999;\">Tous nos forfaits comprennent la personnalisation des impressions \u2013 les photos que vos invit\u00e9s re\u00e7oivent en sortant de la cabine. Nous offrons un choix de formats, allant de 2 \u00e0 6 photos sur la page, horizontalement ou verticalement. Il est possible de rajouter des dessins graphiques et du texte autour des photos, mais \u00e9galement sur les photos. Notre \u00e9quipe de graphistes vous aidera \u00e0 cr\u00e9er le design qui vous ressemble en confectionnant votre propre logo, vos propres illustrations ou compositions typographiques.<\/span><\/p>\n<span id=\"x-responsive-text-2\" data-x-element=\"responsive_text\" data-x-params=\"{&quot;selector&quot;:&quot;p&quot;,&quot;compression&quot;:&quot;1.4&quot;,&quot;minFontSize&quot;:&quot;10pt&quot;,&quot;maxFontSize&quot;:&quot;15pt&quot;}\"><\/span>[\/vc_column][\/vc_row][vc_row inner_container=\u00a0\u00bbtrue\u00a0\u00bb no_margin=\u00a0\u00bbtrue\u00a0\u00bb padding_top=\u00a0\u00bb0px\u00a0\u00bb padding_bottom=\u00a0\u00bb0px\u00a0\u00bb bg_color=\u00a0\u00bb#efefef\u00a0\u00bb][vc_column fade_animation_offset=\u00a0\u00bb45px\u00a0\u00bb width=\u00a0\u00bb1\/1&Prime;]<hr  class=\"x-gap\" style=\"margin: 20PX 0 0 0;\">[vc_media_grid element_width=\u00a0\u00bb3&Prime; gap=\u00a0\u00bb10&Prime; item=\u00a0\u00bbmasonryMedia_Default\u00a0\u00bb grid_id=\u00a0\u00bbvc_gid:1496135575091-447f5400-9a3e-3&Prime; include=\u00a0\u00bb4057,12894,12897,5097,6139,6474,12893,12900,12895,12896,12898,23367&Prime;]<hr  class=\"x-gap\" style=\"margin: 30px 0 0 0;\"><hr  class=\"x-hr\" >[\/vc_column][\/vc_row][vc_row inner_container=\u00a0\u00bbtrue\u00a0\u00bb no_margin=\u00a0\u00bbtrue\u00a0\u00bb padding_top=\u00a0\u00bb0px\u00a0\u00bb padding_bottom=\u00a0\u00bb0px\u00a0\u00bb bg_color=\u00a0\u00bb#efefef\u00a0\u00bb][vc_column fade_animation_offset=\u00a0\u00bb45px\u00a0\u00bb width=\u00a0\u00bb1\/2&Prime;]<hr  class=\"x-gap\" style=\"margin: 40px 0 0 0;\"><h3 style=\"text-align: center;\"><span style=\"color: #434244;\">Le menu tactile<\/span><\/h3>\n<p style=\"text-align: center;\"><span style=\"color: #999999;\">Pour souligner davantage le caract\u00e8re unique de votre \u00e9v\u00e9nement, nous vous offrons la possibilit\u00e9 de personnaliser le menu tactile \u00e0 l\u2019int\u00e9rieur de la cabine, par lequel vos invit\u00e9s s\u2019offrent une s\u00e9ance photo \u00e0 l\u2019int\u00e9rieur de la cabine. Le menu comprend une page d\u2019accueil, o\u00f9 les utilisateurs peuvent choisir entre une s\u00e9ance photo en couleurs ou en noir et blanc, ainsi que d\u2019un \u00e9cran d\u2019impression gr\u00e2ce auquel ils peuvent choisir d\u2019imprimer leur photo ou non. Il est possible de personnaliser la couleur ou le dessin du fond de la cabine, ainsi que les boutons.<\/span><\/p>\n[\/vc_column][vc_column fade_animation_offset=\u00a0\u00bb45px\u00a0\u00bb width=\u00a0\u00bb1\/2&Prime;]<hr  class=\"x-gap\" style=\"margin: 40px 0 0 0;\"><img  class=\"x-img\" style=\"width=430px; display=block; margin-left:auto; margin-right:auto;\" src=\"https:\/\/www.photobooth.lu\/wp-content\/uploads\/2014\/07\/Circles_menu.png\" >[\/vc_column][\/vc_row][vc_row inner_container=\u00a0\u00bbtrue\u00a0\u00bb no_margin=\u00a0\u00bbtrue\u00a0\u00bb padding_top=\u00a0\u00bb0px\u00a0\u00bb padding_bottom=\u00a0\u00bb0px\u00a0\u00bb bg_color=\u00a0\u00bb#efefef\u00a0\u00bb][vc_column fade_animation_offset=\u00a0\u00bb45px\u00a0\u00bb width=\u00a0\u00bb1\/1&Prime;]<hr  class=\"x-gap\" style=\"margin: 20PX 0 0 0;\">[vc_media_grid element_width=\u00a0\u00bb3&Prime; item=\u00a0\u00bbmasonryMedia_Default\u00a0\u00bb grid_id=\u00a0\u00bbvc_gid:1496135575103-42541da5-e9dc-5&Prime; include=\u00a0\u00bb4071,4069,4101,4068&Prime;]<hr  class=\"x-gap\" style=\"margin: 30px 0 0 0;\"><hr  class=\"x-hr\" >[\/vc_column][\/vc_row][vc_row inner_container=\u00a0\u00bbtrue\u00a0\u00bb no_margin=\u00a0\u00bbtrue\u00a0\u00bb padding_top=\u00a0\u00bb0px\u00a0\u00bb padding_bottom=\u00a0\u00bb0px\u00a0\u00bb bg_color=\u00a0\u00bb#efefef\u00a0\u00bb][vc_column fade_animation_offset=\u00a0\u00bb45px\u00a0\u00bb width=\u00a0\u00bb1\/2&Prime;]<hr  class=\"x-gap\" style=\"margin: 40px 0 0 0;\"><img  class=\"x-img\" style=\"width=400px; display=block; margin-left:auto; margin-right:auto;\" src=\"https:\/\/www.photobooth.lu\/wp-content\/uploads\/2014\/07\/Circle_1.png\" >[\/vc_column][vc_column fade_animation_offset=\u00a0\u00bb45px\u00a0\u00bb width=\u00a0\u00bb1\/2&Prime;]<hr  class=\"x-gap\" style=\"margin: 40px 0 0 0;\"><h3 style=\"text-align: center;\"><span style=\"color: #434244;\">L&rsquo;habillage cabine<\/span><\/h3>\n<p style=\"text-align: center;\"><span style=\"color: #999999;\">La plus \u00e9tonnante des personnalisations du photobooth est l\u2019habillage ext\u00e9rieur de la cabine. Avec cette option, vous pouvez personnaliser les quatre panneaux ext\u00e9rieurs qui composent le PhotoBooth. Cela permet une grande visibilit\u00e9. En tant que marque, vous pouvez vous d\u00e9marquer gr\u00e2ce \u00e0 cet outil publicitaire unique et original. En tant que priv\u00e9, la personnalisation de l\u2019habillage de la cabine permet une mise en avant de l\u2019animation dont tout le monde se souviendra. Notre \u00e9quipe de graphistes est \u00e0 votre disposition pour vous aider \u00e0 personnaliser l\u2019habillage ext\u00e9rieur de la cabine, et fera de son mieux pour cr\u00e9er quelque chose d\u2019\u00e9tonnant et unique.<\/span><\/p>\n[\/vc_column][\/vc_row][vc_row inner_container=\u00a0\u00bbtrue\u00a0\u00bb no_margin=\u00a0\u00bbtrue\u00a0\u00bb padding_top=\u00a0\u00bb0px\u00a0\u00bb padding_bottom=\u00a0\u00bb0px\u00a0\u00bb bg_color=\u00a0\u00bb#efefef\u00a0\u00bb][vc_column fade_animation_offset=\u00a0\u00bb45px\u00a0\u00bb width=\u00a0\u00bb1\/1&Prime;]<hr  class=\"x-gap\" style=\"margin: 20PX 0 0 0;\"><ul  class=\"x-block-grid three-up\" ><li  class=\"x-block-grid-item\" ><a href=\"http:\/\/www.photobooth.lu\/wp-content\/uploads\/2014\/07\/Copacabana-photobooth2.png\"><img loading=\"lazy\" class=\"aligncenter size-large wp-image-4076\" src=\"http:\/\/www.photobooth.lu\/wp-content\/uploads\/2014\/07\/Copacabana-photobooth2-763x1024.png\" alt=\"PwC Ipanema Photo Booth\" width=\"763\" height=\"1024\" srcset=\"https:\/\/www.photobooth.lu\/wp-content\/uploads\/2014\/07\/Copacabana-photobooth2-763x1024.png 763w, https:\/\/www.photobooth.lu\/wp-content\/uploads\/2014\/07\/Copacabana-photobooth2-223x300.png 223w, https:\/\/www.photobooth.lu\/wp-content\/uploads\/2014\/07\/Copacabana-photobooth2-100x134.png 100w, https:\/\/www.photobooth.lu\/wp-content\/uploads\/2014\/07\/Copacabana-photobooth2.png 800w\" sizes=\"(max-width: 763px) 100vw, 763px\" \/><\/a><\/li><li  class=\"x-block-grid-item\" ><a href=\"http:\/\/www.photobooth.lu\/wp-content\/uploads\/2014\/07\/Wedding-photobooth3.png\"><img loading=\"lazy\" class=\"aligncenter size-large wp-image-4080\" src=\"http:\/\/www.photobooth.lu\/wp-content\/uploads\/2014\/07\/Wedding-photobooth3-744x1024.png\" alt=\"Wedding Photobooth\" width=\"744\" height=\"1024\" srcset=\"https:\/\/www.photobooth.lu\/wp-content\/uploads\/2014\/07\/Wedding-photobooth3-744x1024.png 744w, https:\/\/www.photobooth.lu\/wp-content\/uploads\/2014\/07\/Wedding-photobooth3-218x300.png 218w, https:\/\/www.photobooth.lu\/wp-content\/uploads\/2014\/07\/Wedding-photobooth3-100x137.png 100w, https:\/\/www.photobooth.lu\/wp-content\/uploads\/2014\/07\/Wedding-photobooth3.png 802w\" sizes=\"(max-width: 744px) 100vw, 744px\" \/><\/a><\/li><li  class=\"x-block-grid-item\" ><a href=\"http:\/\/www.photobooth.lu\/wp-content\/uploads\/2014\/07\/Ipanema_booth.png\"><img loading=\"lazy\" class=\"aligncenter size-large wp-image-4077\" src=\"http:\/\/www.photobooth.lu\/wp-content\/uploads\/2014\/07\/Ipanema_booth-750x1024.png\" alt=\"Copacabana Photo Booth\" width=\"750\" height=\"1024\" srcset=\"https:\/\/www.photobooth.lu\/wp-content\/uploads\/2014\/07\/Ipanema_booth-750x1024.png 750w, https:\/\/www.photobooth.lu\/wp-content\/uploads\/2014\/07\/Ipanema_booth-219x300.png 219w, https:\/\/www.photobooth.lu\/wp-content\/uploads\/2014\/07\/Ipanema_booth-100x136.png 100w, https:\/\/www.photobooth.lu\/wp-content\/uploads\/2014\/07\/Ipanema_booth.png 800w\" sizes=\"(max-width: 750px) 100vw, 750px\" \/><\/a><\/li><\/ul><hr  class=\"x-gap\" style=\"margin: 50px 0 0 0;\">[\/vc_column][\/vc_row][vc_row inner_container=\u00a0\u00bbtrue\u00a0\u00bb no_margin=\u00a0\u00bbtrue\u00a0\u00bb padding_top=\u00a0\u00bb0px\u00a0\u00bb padding_bottom=\u00a0\u00bb0px\u00a0\u00bb bg_color=\u00a0\u00bb#ffffff\u00a0\u00bb][vc_column fade_animation_offset=\u00a0\u00bb45px\u00a0\u00bb width=\u00a0\u00bb1\/1&Prime;]<h3 style=\"text-align: center;\"><span style=\"color: #333333;\">Le forfait complet\u00a0du Photobooth<\/span><\/h3>\n<div class=\"x-flexslider-shortcode-container\"><div  class=\"x-flexslider x-flexslider-shortcode x-flexslider-shortcode-2\" data-x-element=\"slider\" data-x-params=\"{&quot;animation&quot;:&quot;slide&quot;,&quot;reverse&quot;:false,&quot;slideTime&quot;:&quot;3000&quot;,&quot;slideSpeed&quot;:&quot;650&quot;,&quot;controlNav&quot;:false,&quot;prevNextNav&quot;:false,&quot;slideshow&quot;:true,&quot;random&quot;:false,&quot;touch&quot;:true,&quot;pauseOnHover&quot;:false}\" ><ul class=\"x-slides\"><li  class=\"x-slide\" ><a href=\"http:\/\/www.photobooth.lu\/wp-content\/uploads\/2014\/07\/The-Package_Marketers.jpg\"><img loading=\"lazy\" class=\"aligncenter size-large wp-image-9122\" src=\"http:\/\/www.photobooth.lu\/wp-content\/uploads\/2014\/07\/The-Package_Marketers-1024x660.jpg\" alt=\"The-Package_Marketers\" width=\"846\" height=\"545\" srcset=\"https:\/\/www.photobooth.lu\/wp-content\/uploads\/2014\/07\/The-Package_Marketers-1024x660.jpg 1024w, https:\/\/www.photobooth.lu\/wp-content\/uploads\/2014\/07\/The-Package_Marketers-300x193.jpg 300w, https:\/\/www.photobooth.lu\/wp-content\/uploads\/2014\/07\/The-Package_Marketers-100x64.jpg 100w, https:\/\/www.photobooth.lu\/wp-content\/uploads\/2014\/07\/The-Package_Marketers-846x545.jpg 846w, https:\/\/www.photobooth.lu\/wp-content\/uploads\/2014\/07\/The-Package_Marketers-944x608.jpg 944w, https:\/\/www.photobooth.lu\/wp-content\/uploads\/2014\/07\/The-Package_Marketers.jpg 1200w\" sizes=\"(max-width: 846px) 100vw, 846px\" \/><\/a><\/li><li  class=\"x-slide\" ><a href=\"http:\/\/www.photobooth.lu\/wp-content\/uploads\/2014\/07\/The-Package_Join.jpg\"><img loading=\"lazy\" class=\"aligncenter size-large wp-image-9121\" src=\"http:\/\/www.photobooth.lu\/wp-content\/uploads\/2014\/07\/The-Package_Join-1024x660.jpg\" alt=\"The-Package_Join\" width=\"846\" height=\"545\" srcset=\"https:\/\/www.photobooth.lu\/wp-content\/uploads\/2014\/07\/The-Package_Join-1024x660.jpg 1024w, https:\/\/www.photobooth.lu\/wp-content\/uploads\/2014\/07\/The-Package_Join-300x193.jpg 300w, https:\/\/www.photobooth.lu\/wp-content\/uploads\/2014\/07\/The-Package_Join-100x64.jpg 100w, https:\/\/www.photobooth.lu\/wp-content\/uploads\/2014\/07\/The-Package_Join-846x545.jpg 846w, https:\/\/www.photobooth.lu\/wp-content\/uploads\/2014\/07\/The-Package_Join-944x608.jpg 944w, https:\/\/www.photobooth.lu\/wp-content\/uploads\/2014\/07\/The-Package_Join.jpg 1200w\" sizes=\"(max-width: 846px) 100vw, 846px\" \/><\/a><\/li><li  class=\"x-slide\" ><a href=\"http:\/\/www.photobooth.lu\/wp-content\/uploads\/2014\/07\/The-Package_Ikano.jpg\"><img loading=\"lazy\" class=\"aligncenter size-large wp-image-9120\" src=\"http:\/\/www.photobooth.lu\/wp-content\/uploads\/2014\/07\/The-Package_Ikano-1024x660.jpg\" alt=\"The-Package_Ikano\" width=\"846\" height=\"545\" srcset=\"https:\/\/www.photobooth.lu\/wp-content\/uploads\/2014\/07\/The-Package_Ikano-1024x660.jpg 1024w, https:\/\/www.photobooth.lu\/wp-content\/uploads\/2014\/07\/The-Package_Ikano-300x193.jpg 300w, https:\/\/www.photobooth.lu\/wp-content\/uploads\/2014\/07\/The-Package_Ikano-100x64.jpg 100w, https:\/\/www.photobooth.lu\/wp-content\/uploads\/2014\/07\/The-Package_Ikano-846x545.jpg 846w, https:\/\/www.photobooth.lu\/wp-content\/uploads\/2014\/07\/The-Package_Ikano-944x608.jpg 944w, https:\/\/www.photobooth.lu\/wp-content\/uploads\/2014\/07\/The-Package_Ikano.jpg 1200w\" sizes=\"(max-width: 846px) 100vw, 846px\" \/><\/a><\/li><\/ul><\/div><\/div>[\/vc_column][\/vc_row][vc_row inner_container=\u00a0\u00bbtrue\u00a0\u00bb no_margin=\u00a0\u00bbtrue\u00a0\u00bb padding_top=\u00a0\u00bb0px\u00a0\u00bb padding_bottom=\u00a0\u00bb0px\u00a0\u00bb bg_color=\u00a0\u00bb#efefef\u00a0\u00bb][vc_column fade_animation_offset=\u00a0\u00bb45px\u00a0\u00bb width=\u00a0\u00bb1\/4&Prime;]<hr  class=\"x-gap\" style=\"margin: 5px 0 0 0;\">[\/vc_column][vc_column fade_animation_offset=\u00a0\u00bb45px\u00a0\u00bb width=\u00a0\u00bb1\/2&Prime;]<h5 style=\"text-align: center;\">Pour plus d&rsquo;informations<\/h5>\n<a id=\"contact\" class=\"x-img x-img-link\" style=\"display: block; margin-left: auto; margin-right:auto;\" href=\"http:\/\/photobooth.lu\/contact\"     data-options=\"thumbnail: 'https:\/\/www.photobooth.lu\/wp-content\/uploads\/2014\/01\/ribbon_contact-FR.png'\"><img src=\"https:\/\/www.photobooth.lu\/wp-content\/uploads\/2014\/01\/ribbon_contact-FR.png\" ><\/a><hr  class=\"x-gap\" style=\"margin: 45px 0 0 0;\">[\/vc_column][vc_column fade_animation_offset=\u00a0\u00bb45px\u00a0\u00bb width=\u00a0\u00bb1\/4&Prime;][\/vc_column][\/vc_row]","protected":false},"excerpt":{"rendered":"<p>[vc_row inner_container=\u00a0\u00bbtrue\u00a0\u00bb no_margin=\u00a0\u00bbtrue\u00a0\u00bb padding_top=\u00a0\u00bb0px\u00a0\u00bb padding_bottom=\u00a0\u00bb0px\u00a0\u00bb bg_color=\u00a0\u00bb#84c7c2&Prime;][vc_column fade_animation_offset=\u00a0\u00bb45px\u00a0\u00bb width=\u00a0\u00bb1\/1&Prime;][\/vc_column][\/vc_row][vc_row inner_container=\u00a0\u00bbtrue\u00a0\u00bb no_margin=\u00a0\u00bbtrue\u00a0\u00bb padding_top=\u00a0\u00bb0px\u00a0\u00bb padding_bottom=\u00a0\u00bb0px\u00a0\u00bb bg_color=\u00a0\u00bb#efefef\u00a0\u00bb][vc_column fade_animation_offset=\u00a0\u00bb45px\u00a0\u00bb width=\u00a0\u00bb1\/2&Prime;][\/vc_column][vc_column fade_animation_offset=\u00a0\u00bb45px\u00a0\u00bb width=\u00a0\u00bb1\/2&Prime;][\/vc_column][\/vc_row][vc_row inner_container=\u00a0\u00bbtrue\u00a0\u00bb no_margin=\u00a0\u00bbtrue\u00a0\u00bb padding_top=\u00a0\u00bb0px\u00a0\u00bb padding_bottom=\u00a0\u00bb0px\u00a0\u00bb bg_color=\u00a0\u00bb#efefef\u00a0\u00bb][vc_column fade_animation_offset=\u00a0\u00bb45px\u00a0\u00bb width=\u00a0\u00bb1\/1&Prime;][vc_media_grid element_width=\u00a0\u00bb3&Prime; gap=\u00a0\u00bb10&Prime; item=\u00a0\u00bbmasonryMedia_Default\u00a0\u00bb grid_id=\u00a0\u00bbvc_gid:1496135575091-447f5400-9a3e-3&Prime; include=\u00a0\u00bb4057,12894,12897,5097,6139,6474,12893,12900,12895,12896,12898,23367&Prime;][\/vc_column][\/vc_row][vc_row inner_container=\u00a0\u00bbtrue\u00a0\u00bb no_margin=\u00a0\u00bbtrue\u00a0\u00bb padding_top=\u00a0\u00bb0px\u00a0\u00bb padding_bottom=\u00a0\u00bb0px\u00a0\u00bb bg_color=\u00a0\u00bb#efefef\u00a0\u00bb][vc_column fade_animation_offset=\u00a0\u00bb45px\u00a0\u00bb width=\u00a0\u00bb1\/2&Prime;][\/vc_column][vc_column fade_animation_offset=\u00a0\u00bb45px\u00a0\u00bb width=\u00a0\u00bb1\/2&Prime;][\/vc_column][\/vc_row][vc_row inner_container=\u00a0\u00bbtrue\u00a0\u00bb no_margin=\u00a0\u00bbtrue\u00a0\u00bb &#8230; <a href=\"https:\/\/www.photobooth.lu\/fr\/personalisation\/\" class=\"more-link\">Read More<\/a><\/p>\n","protected":false},"author":1,"featured_media":0,"parent":0,"menu_order":0,"comment_status":"closed","ping_status":"open","template":"template-blank-4.php","meta":[],"yoast_head":"<!-- This site is optimized with the Yoast SEO plugin v18.1 - https:\/\/yoast.com\/wordpress\/plugins\/seo\/ -->\n<title>Cabine personnalis\u00e9e - Le Photobooth Luxembourg<\/title>\n<meta name=\"description\" content=\"Personnalisez la cabine avec vos propres visuels | Impressions photos, menu tactile et habillage cabine pour un \u00e9v\u00e9nement r\u00e9ussi\" \/>\n<meta name=\"robots\" content=\"index, follow, max-snippet:-1, max-image-preview:large, max-video-preview:-1\" \/>\n<link rel=\"canonical\" href=\"https:\/\/www.photobooth.lu\/personalisation\/\" \/>\n<meta property=\"og:locale\" content=\"fr_FR\" \/>\n<meta property=\"og:type\" content=\"article\" \/>\n<meta property=\"og:title\" content=\"Cabine personnalis\u00e9e - Le Photobooth Luxembourg\" \/>\n<meta property=\"og:description\" content=\"Personnalisez la cabine avec vos propres visuels | Impressions photos, menu tactile et habillage cabine pour un \u00e9v\u00e9nement r\u00e9ussi\" \/>\n<meta property=\"og:url\" content=\"https:\/\/www.photobooth.lu\/personalisation\/\" \/>\n<meta property=\"og:site_name\" content=\"Le Photobooth Luxembourg\" \/>\n<meta property=\"article:publisher\" content=\"https:\/\/www.facebook.com\/photobooth.lu\" \/>\n<meta property=\"article:modified_time\" content=\"2017-05-30T09:14:07+00:00\" \/>\n<meta property=\"og:image\" content=\"https:\/\/www.photobooth.lu\/wp-content\/uploads\/2014\/07\/Personalisation-01.jpg\" \/>\n\t<meta property=\"og:image:width\" content=\"1200\" \/>\n\t<meta property=\"og:image:height\" content=\"630\" \/>\n\t<meta property=\"og:image:type\" content=\"image\/jpeg\" \/>\n<meta name=\"twitter:label1\" content=\"Dur\u00e9e de lecture estim\u00e9e\" \/>\n\t<meta name=\"twitter:data1\" content=\"8 minutes\" \/>\n<script type=\"application\/ld+json\" class=\"yoast-schema-graph\">{\"@context\":\"https:\/\/schema.org\",\"@graph\":[{\"@type\":\"WebSite\",\"@id\":\"https:\/\/www.photobooth.lu\/fr\/#website\",\"url\":\"https:\/\/www.photobooth.lu\/fr\/\",\"name\":\"Le Photobooth Luxembourg\",\"description\":\"Custom event photobooths in Luxembourg\",\"potentialAction\":[{\"@type\":\"SearchAction\",\"target\":{\"@type\":\"EntryPoint\",\"urlTemplate\":\"https:\/\/www.photobooth.lu\/fr\/?s={search_term_string}\"},\"query-input\":\"required name=search_term_string\"}],\"inLanguage\":\"fr-FR\"},{\"@type\":\"ImageObject\",\"@id\":\"https:\/\/www.photobooth.lu\/personalisation\/#primaryimage\",\"inLanguage\":\"fr-FR\",\"url\":\"https:\/\/www.photobooth.lu\/wp-content\/uploads\/2014\/07\/Personalisation-01.jpg\",\"contentUrl\":\"https:\/\/www.photobooth.lu\/wp-content\/uploads\/2014\/07\/Personalisation-01.jpg\",\"width\":1200,\"height\":630},{\"@type\":\"WebPage\",\"@id\":\"https:\/\/www.photobooth.lu\/personalisation\/#webpage\",\"url\":\"https:\/\/www.photobooth.lu\/personalisation\/\",\"name\":\"Cabine personnalis\u00e9e - Le Photobooth Luxembourg\",\"isPartOf\":{\"@id\":\"https:\/\/www.photobooth.lu\/fr\/#website\"},\"primaryImageOfPage\":{\"@id\":\"https:\/\/www.photobooth.lu\/personalisation\/#primaryimage\"},\"datePublished\":\"2014-07-17T14:47:09+00:00\",\"dateModified\":\"2017-05-30T09:14:07+00:00\",\"description\":\"Personnalisez la cabine avec vos propres visuels | Impressions photos, menu tactile et habillage cabine pour un \u00e9v\u00e9nement r\u00e9ussi\",\"breadcrumb\":{\"@id\":\"https:\/\/www.photobooth.lu\/personalisation\/#breadcrumb\"},\"inLanguage\":\"fr-FR\",\"potentialAction\":[{\"@type\":\"ReadAction\",\"target\":[\"https:\/\/www.photobooth.lu\/personalisation\/\"]}]},{\"@type\":\"BreadcrumbList\",\"@id\":\"https:\/\/www.photobooth.lu\/personalisation\/#breadcrumb\",\"itemListElement\":[{\"@type\":\"ListItem\",\"position\":1,\"name\":\"Home\",\"item\":\"https:\/\/www.photobooth.lu\/\"},{\"@type\":\"ListItem\",\"position\":2,\"name\":\"Personalisation\"}]}]}<\/script>\n<!-- \/ Yoast SEO plugin. -->","yoast_head_json":{"title":"Cabine personnalis\u00e9e - Le Photobooth Luxembourg","description":"Personnalisez la cabine avec vos propres visuels | Impressions photos, menu tactile et habillage cabine pour un \u00e9v\u00e9nement r\u00e9ussi","robots":{"index":"index","follow":"follow","max-snippet":"max-snippet:-1","max-image-preview":"max-image-preview:large","max-video-preview":"max-video-preview:-1"},"canonical":"https:\/\/www.photobooth.lu\/personalisation\/","og_locale":"fr_FR","og_type":"article","og_title":"Cabine personnalis\u00e9e - Le Photobooth Luxembourg","og_description":"Personnalisez la cabine avec vos propres visuels | Impressions photos, menu tactile et habillage cabine pour un \u00e9v\u00e9nement r\u00e9ussi","og_url":"https:\/\/www.photobooth.lu\/personalisation\/","og_site_name":"Le Photobooth Luxembourg","article_publisher":"https:\/\/www.facebook.com\/photobooth.lu","article_modified_time":"2017-05-30T09:14:07+00:00","og_image":[{"width":1200,"height":630,"url":"https:\/\/www.photobooth.lu\/wp-content\/uploads\/2014\/07\/Personalisation-01.jpg","type":"image\/jpeg"}],"twitter_misc":{"Dur\u00e9e de lecture estim\u00e9e":"8 minutes"},"schema":{"@context":"https:\/\/schema.org","@graph":[{"@type":"WebSite","@id":"https:\/\/www.photobooth.lu\/fr\/#website","url":"https:\/\/www.photobooth.lu\/fr\/","name":"Le Photobooth Luxembourg","description":"Custom event photobooths in Luxembourg","potentialAction":[{"@type":"SearchAction","target":{"@type":"EntryPoint","urlTemplate":"https:\/\/www.photobooth.lu\/fr\/?s={search_term_string}"},"query-input":"required name=search_term_string"}],"inLanguage":"fr-FR"},{"@type":"ImageObject","@id":"https:\/\/www.photobooth.lu\/personalisation\/#primaryimage","inLanguage":"fr-FR","url":"https:\/\/www.photobooth.lu\/wp-content\/uploads\/2014\/07\/Personalisation-01.jpg","contentUrl":"https:\/\/www.photobooth.lu\/wp-content\/uploads\/2014\/07\/Personalisation-01.jpg","width":1200,"height":630},{"@type":"WebPage","@id":"https:\/\/www.photobooth.lu\/personalisation\/#webpage","url":"https:\/\/www.photobooth.lu\/personalisation\/","name":"Cabine personnalis\u00e9e - Le Photobooth Luxembourg","isPartOf":{"@id":"https:\/\/www.photobooth.lu\/fr\/#website"},"primaryImageOfPage":{"@id":"https:\/\/www.photobooth.lu\/personalisation\/#primaryimage"},"datePublished":"2014-07-17T14:47:09+00:00","dateModified":"2017-05-30T09:14:07+00:00","description":"Personnalisez la cabine avec vos propres visuels | Impressions photos, menu tactile et habillage cabine pour un \u00e9v\u00e9nement r\u00e9ussi","breadcrumb":{"@id":"https:\/\/www.photobooth.lu\/personalisation\/#breadcrumb"},"inLanguage":"fr-FR","potentialAction":[{"@type":"ReadAction","target":["https:\/\/www.photobooth.lu\/personalisation\/"]}]},{"@type":"BreadcrumbList","@id":"https:\/\/www.photobooth.lu\/personalisation\/#breadcrumb","itemListElement":[{"@type":"ListItem","position":1,"name":"Home","item":"https:\/\/www.photobooth.lu\/"},{"@type":"ListItem","position":2,"name":"Personalisation"}]}]}},"post_mailing_queue_ids":[],"_links":{"self":[{"href":"https:\/\/www.photobooth.lu\/fr\/wp-json\/wp\/v2\/pages\/4026"}],"collection":[{"href":"https:\/\/www.photobooth.lu\/fr\/wp-json\/wp\/v2\/pages"}],"about":[{"href":"https:\/\/www.photobooth.lu\/fr\/wp-json\/wp\/v2\/types\/page"}],"author":[{"embeddable":true,"href":"https:\/\/www.photobooth.lu\/fr\/wp-json\/wp\/v2\/users\/1"}],"replies":[{"embeddable":true,"href":"https:\/\/www.photobooth.lu\/fr\/wp-json\/wp\/v2\/comments?post=4026"}],"version-history":[{"count":91,"href":"https:\/\/www.photobooth.lu\/fr\/wp-json\/wp\/v2\/pages\/4026\/revisions"}],"predecessor-version":[{"id":23370,"href":"https:\/\/www.photobooth.lu\/fr\/wp-json\/wp\/v2\/pages\/4026\/revisions\/23370"}],"wp:attachment":[{"href":"https:\/\/www.photobooth.lu\/fr\/wp-json\/wp\/v2\/media?parent=4026"}],"curies":[{"name":"wp","href":"https:\/\/api.w.org\/{rel}","templated":true}]}}