{"id":1118,"date":"2014-01-30T15:20:18","date_gmt":"2014-01-30T14:20:18","guid":{"rendered":"http:\/\/www.photobooth.lu\/?page_id=1118"},"modified":"2016-04-20T10:34:55","modified_gmt":"2016-04-20T09:34:55","slug":"home","status":"publish","type":"page","link":"https:\/\/www.photobooth.lu\/fr\/","title":{"rendered":"Accueil"},"content":{"rendered":"[vc_row no_margin=\u00a0\u00bbtrue\u00a0\u00bb padding_bottom=\u00a0\u00bb0&Prime; parallax_image=\u00a0\u00bb\u00a0\u00bb][vc_column width=\u00a0\u00bb1\/1&Prime;][rev_slider_vc alias=\u00a0\u00bbslider14&Prime;][\/vc_column][\/vc_row][vc_row inner_container=\u00a0\u00bbtrue\u00a0\u00bb no_margin=\u00a0\u00bbtrue\u00a0\u00bb parallax_image=\u00a0\u00bb\u00a0\u00bb bg_color=\u00a0\u00bb#434244&Prime;][vc_column fade_animation=\u00a0\u00bbin-from-left\u00a0\u00bb fade_animation_offset=\u00a0\u00bb5000px\u00a0\u00bb width=\u00a0\u00bb1\/1&Prime;]<img  class=\"x-img\"  src=\"https:\/\/www.photobooth.lu\/wp-content\/uploads\/2014\/01\/animateFR2-01.png\" >[vc_row_inner no_margin=\u00a0\u00bbtrue\u00a0\u00bb][vc_column_inner width=\u00a0\u00bb1\/6&Prime;]<hr  class=\"x-gap\" style=\"margin: 5px 0 0 0;\">[\/vc_column_inner][vc_column_inner width=\u00a0\u00bb2\/3&Prime;]<p style=\"text-align: center;\"><span style=\"color: #ffffff;\">C\u2019est facile de r\u00e9ussir une soir\u00e9e\u00a0: louez notre Photomaton pour amuser vos invit\u00e9s pendant des heures\u00a0! C\u2019est qu\u2019il y a un peu de magie dans notre PhotoBooth, quelque chose qui transmet les sourires et rend les moments uniques. Changez l\u2019apparence de la cabine, les impressions et le menu tactile pour une exp\u00e9rience enti\u00e8rement personnalis\u00e9e. Utilisez-le pour faire conna\u00eetre votre marque et faire le buzz sur les m\u00e9dias, ainsi que les r\u00e9seaux sociaux, gr\u00e2ce \u00e0 nos options de partage.<\/span><\/p>\n[\/vc_column_inner][vc_column_inner width=\u00a0\u00bb1\/6&Prime;]<span id=\"x-responsive-text-2\" data-x-element=\"responsive_text\" data-x-params=\"{&quot;selector&quot;:&quot;p&quot;,&quot;compression&quot;:&quot;1.5&quot;,&quot;minFontSize&quot;:&quot;10pt&quot;,&quot;maxFontSize&quot;:&quot;15pt&quot;}\"><\/span>[\/vc_column_inner][\/vc_row_inner]<hr  class=\"x-gap\" style=\"margin: 40px 0 0 0;\">[\/vc_column][\/vc_row][vc_row inner_container=\u00a0\u00bbtrue\u00a0\u00bb no_margin=\u00a0\u00bbtrue\u00a0\u00bb parallax_image=\u00a0\u00bb\u00a0\u00bb bg_color=\u00a0\u00bb#f7f7f7&Prime;][vc_column width=\u00a0\u00bb1\/1&Prime;]<hr  class=\"x-gap\" style=\"margin: 30px 0 0 0;\"><h3 style=\"text-align: center;\"><span style=\"color: #434244;\">Personnalisez\u00a0votre Photomaton<\/span><\/h3>\n[\/vc_column][\/vc_row][vc_row inner_container=\u00a0\u00bbtrue\u00a0\u00bb no_margin=\u00a0\u00bbtrue\u00a0\u00bb parallax_image=\u00a0\u00bb\u00a0\u00bb bg_color=\u00a0\u00bb#f7f7f7&Prime;][vc_column fade_animation=\u00a0\u00bbin-from-right\u00a0\u00bb fade_animation_offset=\u00a0\u00bb6000px\u00a0\u00bb width=\u00a0\u00bb1\/3&Prime;]<hr  class=\"x-gap\" style=\"margin: 50px 0 0 0;\"><img  class=\"x-img\" style=\"width: 280px; display: block; margin-left: auto; margin-right:auto;\" src=\"https:\/\/www.photobooth.lu\/wp-content\/uploads\/2015\/02\/Photobooth-prints.png\" ><h5 style=\"text-align: center;\">Les Impressions<\/h5>\n<p style=\"text-align: center;\"><span style=\"color: #999999;\">Nos impressions instantan\u00e9es rendent les souvenirs de l\u2019\u00e9v\u00e9nement durables. Vous pouvez choisir le nombre de photos qui seront imprim\u00e9es, la mise en page, les couleurs et le graphisme, pour un souvenir m\u00e9morable et personnalis\u00e9.<\/span><\/p>\n[\/vc_column][vc_column fade_animation=\u00a0\u00bbin-from-right\u00a0\u00bb fade_animation_offset=\u00a0\u00bb5000px\u00a0\u00bb width=\u00a0\u00bb1\/3&Prime;]<hr  class=\"x-gap\" style=\"margin: 50px 0 0 0;\"><img  class=\"x-img\" style=\"width: 280px; display: block; margin-left: auto; margin-right:auto;\" src=\"https:\/\/www.photobooth.lu\/wp-content\/uploads\/2015\/02\/Photobooth-digital.png\" ><h5 style=\"text-align: center;\">L&rsquo;Interface tactile<\/h5>\n<p style=\"text-align: center;\"><span style=\"color: #999999;\">Notre menu tactile est tr\u00e8s facile \u00e0 utiliser, et est enti\u00e8rement personnalisable, avec votre logo ou vos graphismes. Notre \u00e9quipe de designers s\u2019assurera que tout soit \u00ab\u00a0Tip-top\u00a0\u00bb, comme vous le souhaitez.<\/span><\/p>\n[\/vc_column][vc_column fade_animation=\u00a0\u00bbin-from-right\u00a0\u00bb fade_animation_offset=\u00a0\u00bb4000px\u00a0\u00bb width=\u00a0\u00bb1\/3&Prime;]<hr  class=\"x-gap\" style=\"margin: 50px 0 0 0;\"><img  class=\"x-img\" style=\"width: 280px; display: block; margin-left: auto; margin-right:auto;\" src=\"https:\/\/www.photobooth.lu\/wp-content\/uploads\/2015\/02\/Photobooth-cabine.png\" ><h5 style=\"text-align: center;\">La cabine<\/h5>\n<p style=\"text-align: center;\"><span style=\"color: #999999;\">Personnalisez l\u2019habillage ext\u00e9rieur, ainsi que l\u2019arri\u00e8re fond de la cabine. Nous pouvons utiliser des motifs, logos, vecteurs, photos &#8211; il y a une infinit\u00e9 de possibilit\u00e9s.<\/span><\/p>\n[\/vc_column][\/vc_row][vc_row inner_container=\u00a0\u00bbtrue\u00a0\u00bb no_margin=\u00a0\u00bbtrue\u00a0\u00bb parallax_image=\u00a0\u00bb\u00a0\u00bb bg_color=\u00a0\u00bb#f7f7f7&Prime;][vc_column fade_animation=\u00a0\u00bbin-from-right\u00a0\u00bb fade_animation_offset=\u00a0\u00bb6000px\u00a0\u00bb width=\u00a0\u00bb1\/1&Prime; class=\u00a0\u00bbcenter-text\u00a0\u00bb]<a  class=\"x-btn x-btn-regular\"  href=\"http:\/\/www.photobooth.lu\/personalisation\/\"     data-options=\"thumbnail: ''\">EN SAVOIR PLUS<\/a><hr  class=\"x-gap\" style=\"margin: 100px 0 0 0;\">[\/vc_column][\/vc_row][vc_row inner_container=\u00a0\u00bbtrue\u00a0\u00bb no_margin=\u00a0\u00bbtrue\u00a0\u00bb parallax_image=\u00a0\u00bb\u00a0\u00bb bg_color=\u00a0\u00bb#40beb4&Prime;][vc_column fade_animation=\u00a0\u00bbin-from-left\u00a0\u00bb width=\u00a0\u00bb1\/1&Prime;]<h3 style=\"text-align: center;\"><span style=\"color: #ffffff;\">Une id\u00e9e originale pour\u2026<\/span><\/h3>\n[\/vc_column][\/vc_row][vc_row inner_container=\u00a0\u00bbtrue\u00a0\u00bb no_margin=\u00a0\u00bbtrue\u00a0\u00bb parallax_image=\u00a0\u00bb\u00a0\u00bb bg_color=\u00a0\u00bb#40beb4&Prime;][vc_column fade_animation=\u00a0\u00bbin-from-left\u00a0\u00bb width=\u00a0\u00bb1\/6&Prime; class=\u00a0\u00bbcenter-text\u00a0\u00bb]<img  class=\"x-img x-img-rounded\"  src=\"https:\/\/www.photobooth.lu\/wp-content\/uploads\/2014\/01\/caticon-01-e1392138235732.png\" ><p style=\"text-align: center;\"><span style=\"color: #ffffff;\">\u00c9v\u00e9nements\u00a0<\/span><span style=\"color: #ffffff;\">d\u2019entreprise<\/span><\/p>\n<hr  class=\"x-gap\" style=\"margin: 50px 0 0 0;\">[\/vc_column][vc_column fade_animation=\u00a0\u00bbin-from-left\u00a0\u00bb width=\u00a0\u00bb1\/6&Prime; class=\u00a0\u00bbcenter-text\u00a0\u00bb]<img  class=\"x-img\"  src=\"https:\/\/www.photobooth.lu\/wp-content\/uploads\/2014\/01\/caticon-06-e1392138283347.png\" ><p style=\"text-align: center;\"><span style=\"color: #ffffff;\">Promotion de votre marque<\/span><\/p>\n<hr  class=\"x-gap\" style=\"margin: 50px 0 0 0;\">[\/vc_column][vc_column fade_animation=\u00a0\u00bbin-from-left\u00a0\u00bb width=\u00a0\u00bb1\/6&Prime; class=\u00a0\u00bbcenter-text\u00a0\u00bb]<img  class=\"x-img\"  src=\"https:\/\/www.photobooth.lu\/wp-content\/uploads\/2014\/01\/caticon-03-e1392138248874.png\" ><p style=\"text-align: center;\"><span style=\"color: #ffffff;\">Mariages<\/span><\/p>\n<hr  class=\"x-gap\" style=\"margin: 50px 0 0 0;\">[\/vc_column][vc_column fade_animation=\u00a0\u00bbin-from-left\u00a0\u00bb width=\u00a0\u00bb1\/6&Prime; class=\u00a0\u00bbcenter-text\u00a0\u00bb]<img  class=\"x-img\"  src=\"https:\/\/www.photobooth.lu\/wp-content\/uploads\/2014\/01\/caticon-02-e1392138221115.png\" ><p style=\"text-align: center;\"><span style=\"color: #ffffff;\">Street Marketing<\/span><\/p>\n<hr  class=\"x-gap\" style=\"margin: 50px 0 0 0;\">[\/vc_column][vc_column fade_animation=\u00a0\u00bbin-from-left\u00a0\u00bb width=\u00a0\u00bb1\/6&Prime; class=\u00a0\u00bbcenter-text\u00a0\u00bb]<img  class=\"x-img\"  src=\"https:\/\/www.photobooth.lu\/wp-content\/uploads\/2014\/01\/caticon-04-e1392138268352.png\" ><p style=\"text-align: center;\"><span style=\"color: #ffffff;\">Soir\u00e9es<\/span><\/p>\n<hr  class=\"x-gap\" style=\"margin: 50px 0 0 0;\">[\/vc_column][vc_column width=\u00a0\u00bb1\/6&Prime; class=\u00a0\u00bbcenter-text\u00a0\u00bb]<img  class=\"x-img x-img-rounded\"  src=\"https:\/\/www.photobooth.lu\/wp-content\/uploads\/2014\/01\/fair_icon-05-e1436354540596.png\" ><p style=\"text-align: center;\"><span style=\"color: #ffffff;\">Foires &amp; Salons<\/span><\/p>\n<hr  class=\"x-gap\" style=\"margin: 50px 0 0 0;\">[\/vc_column][\/vc_row][vc_row inner_container=\u00a0\u00bbtrue\u00a0\u00bb no_margin=\u00a0\u00bbtrue\u00a0\u00bb parallax_image=\u00a0\u00bb\u00a0\u00bb bg_color=\u00a0\u00bb#40beb4&Prime;][vc_column fade_animation=\u00a0\u00bbin-from-left\u00a0\u00bb width=\u00a0\u00bb1\/4&Prime;]<hr  class=\"x-gap\" style=\"margin: 5px 0 0 0;\">[\/vc_column][vc_column fade_animation=\u00a0\u00bbin-from-left\u00a0\u00bb fade_animation_offset=\u00a0\u00bb1000px\u00a0\u00bb width=\u00a0\u00bb1\/2&Prime;]<img  class=\"x-img\" style=\"width: 300px; display: block; margin-left: auto; margin-right: auto;\" src=\"https:\/\/www.photobooth.lu\/wp-content\/uploads\/2014\/01\/more-information-FR.png\" ><a id=\"contact\" class=\"x-img x-img-link\" style=\"display: block; margin-left: auto; margin-right:auto;\" href=\"www.photobooth.lu\/contact\"   data-x-element=\"extra\" data-x-params=\"{&quot;type&quot;:&quot;popover&quot;,&quot;trigger&quot;:&quot;&quot;,&quot;placement&quot;:&quot;&quot;,&quot;title&quot;:&quot;&quot;,&quot;content&quot;:&quot;&quot;}\"  data-options=\"thumbnail: 'https:\/\/www.photobooth.lu\/wp-content\/uploads\/2014\/01\/ribbon_contact-FR.png'\"><img src=\"https:\/\/www.photobooth.lu\/wp-content\/uploads\/2014\/01\/ribbon_contact-FR.png\" ><\/a><hr  class=\"x-gap\" style=\"margin: 70px 0 0 0;\">[\/vc_column][vc_column width=\u00a0\u00bb1\/4&Prime;]<hr  class=\"x-gap\" style=\"margin: 5px 0 0 0;\">[\/vc_column][\/vc_row][vc_row no_margin=\u00a0\u00bbtrue\u00a0\u00bb padding_top=\u00a0\u00bb20px\u00a0\u00bb bg_color=\u00a0\u00bb#ffffff\u00a0\u00bb][vc_column fade_animation=\u00a0\u00bbin-from-left\u00a0\u00bb fade_animation_offset=\u00a0\u00bb3000px\u00a0\u00bb width=\u00a0\u00bb1\/1&Prime; offset=\u00a0\u00bbvc_col-xs-12&Prime; class=\u00a0\u00bbcenter-text\u00a0\u00bb]<hr  class=\"x-gap\" style=\"margin: 50px 0 0 0;\"><h3 style=\"text-align: center;\">Le forfait complet du PhotoBooth<\/h3>\n<img  class=\"x-img\" style=\"display: block; margin-left: auto; margin-right: auto; width: 1200px;\" src=\"https:\/\/www.photobooth.lu\/wp-content\/uploads\/2014\/01\/The-Package_Join_detailsFR.png\" >[\/vc_column][\/vc_row][vc_row inner_container=\u00a0\u00bbtrue\u00a0\u00bb no_margin=\u00a0\u00bbtrue\u00a0\u00bb padding_top=\u00a0\u00bb20px\u00a0\u00bb bg_color=\u00a0\u00bb#ffffff\u00a0\u00bb][vc_column fade_animation=\u00a0\u00bbin-from-left\u00a0\u00bb fade_animation_offset=\u00a0\u00bb3000px\u00a0\u00bb width=\u00a0\u00bb1\/6&Prime; offset=\u00a0\u00bbvc_col-xs-12&Prime; class=\u00a0\u00bbcenter-text\u00a0\u00bb]<hr  class=\"x-gap\" style=\"margin: 1px 0 0 0;\">[\/vc_column][vc_column width=\u00a0\u00bb2\/3&Prime; class=\u00a0\u00bbcenter-text\u00a0\u00bb]<p style=\"text-align: center;\"><span style=\"color: #999999;\">Le PhotoBooth est la seule soci\u00e9t\u00e9 luxembourgeoise \u00e0 offrir un service \u00ab\u00a0tout compris\u00a0\u00bb. Apr\u00e8s plus de 100 \u00e9v\u00e9nements r\u00e9ussis, nous avons d\u00e9velopp\u00e9 pour vous le moyen de partager instantan\u00e9ment vos photos via les r\u00e9seaux sociaux, mais aussi l&#8217;emailing automatique personnalis\u00e9, la collecte de donn\u00e9es et bien plus encore. Le photomaton devient un v\u00e9ritable outil commercial m\u00e9morable.<\/span><\/p>\n<a  class=\"x-btn x-btn-regular\"  href=\"http:\/\/www.photobooth.lu\/the-booth\/\"     data-options=\"thumbnail: ''\">NOS SERVICES<\/a><hr  class=\"x-gap\" style=\"margin: 80px 0 0 0;\">[\/vc_column][vc_column width=\u00a0\u00bb1\/6&Prime;][\/vc_column][\/vc_row][vc_row inner_container=\u00a0\u00bbtrue\u00a0\u00bb no_margin=\u00a0\u00bbtrue\u00a0\u00bb parallax_image=\u00a0\u00bb\u00a0\u00bb bg_color=\u00a0\u00bb#e6e6e6&Prime;][vc_column fade_animation=\u00a0\u00bbin-from-right\u00a0\u00bb fade_animation_offset=\u00a0\u00bb500px\u00a0\u00bb width=\u00a0\u00bb1\/1&Prime;]<hr  class=\"x-gap\" style=\"margin: 40px 0 0 0;\"><img  class=\"x-img\" style=\"width: 400px; display: block; margin-left: auto; margin-right: auto;\" src=\"https:\/\/www.photobooth.lu\/wp-content\/uploads\/2014\/01\/pbpackages-image-FR.png\" ><a id=\"packagesbutton\" class=\"x-img x-img-link\" style=\"width: 300px; display: block; margin-left: auto; margin-right: auto;\" href=\"http:\/\/www.photobooth.lu\/packages\/\"     data-options=\"thumbnail: 'https:\/\/www.photobooth.lu\/wp-content\/uploads\/2014\/01\/packages_buttonFR.png'\"><img src=\"https:\/\/www.photobooth.lu\/wp-content\/uploads\/2014\/01\/packages_buttonFR.png\" ><\/a><hr  class=\"x-gap\" style=\"margin: 20px 0 0 0;\"><hr  class=\"x-gap\" style=\"margin: 50px 0 0 0;\">[\/vc_column][\/vc_row]","protected":false},"excerpt":{"rendered":"<p>[vc_row no_margin=\u00a0\u00bbtrue\u00a0\u00bb padding_bottom=\u00a0\u00bb0&Prime; parallax_image=\u00a0\u00bb\u00a0\u00bb][vc_column width=\u00a0\u00bb1\/1&Prime;][rev_slider_vc alias=\u00a0\u00bbslider14&Prime;][\/vc_column][\/vc_row][vc_row inner_container=\u00a0\u00bbtrue\u00a0\u00bb no_margin=\u00a0\u00bbtrue\u00a0\u00bb parallax_image=\u00a0\u00bb\u00a0\u00bb bg_color=\u00a0\u00bb#434244&Prime;][vc_column fade_animation=\u00a0\u00bbin-from-left\u00a0\u00bb fade_animation_offset=\u00a0\u00bb5000px\u00a0\u00bb width=\u00a0\u00bb1\/1&Prime;][vc_row_inner no_margin=\u00a0\u00bbtrue\u00a0\u00bb][vc_column_inner width=\u00a0\u00bb1\/6&Prime;][\/vc_column_inner][vc_column_inner width=\u00a0\u00bb2\/3&Prime;][\/vc_column_inner][vc_column_inner width=\u00a0\u00bb1\/6&Prime;][\/vc_column_inner][\/vc_row_inner][\/vc_column][\/vc_row][vc_row inner_container=\u00a0\u00bbtrue\u00a0\u00bb no_margin=\u00a0\u00bbtrue\u00a0\u00bb parallax_image=\u00a0\u00bb\u00a0\u00bb bg_color=\u00a0\u00bb#f7f7f7&Prime;][vc_column width=\u00a0\u00bb1\/1&Prime;][\/vc_column][\/vc_row][vc_row inner_container=\u00a0\u00bbtrue\u00a0\u00bb no_margin=\u00a0\u00bbtrue\u00a0\u00bb parallax_image=\u00a0\u00bb\u00a0\u00bb bg_color=\u00a0\u00bb#f7f7f7&Prime;][vc_column fade_animation=\u00a0\u00bbin-from-right\u00a0\u00bb fade_animation_offset=\u00a0\u00bb6000px\u00a0\u00bb width=\u00a0\u00bb1\/3&Prime;][\/vc_column][vc_column fade_animation=\u00a0\u00bbin-from-right\u00a0\u00bb fade_animation_offset=\u00a0\u00bb5000px\u00a0\u00bb width=\u00a0\u00bb1\/3&Prime;][\/vc_column][vc_column fade_animation=\u00a0\u00bbin-from-right\u00a0\u00bb fade_animation_offset=\u00a0\u00bb4000px\u00a0\u00bb width=\u00a0\u00bb1\/3&Prime;][\/vc_column][\/vc_row][vc_row inner_container=\u00a0\u00bbtrue\u00a0\u00bb no_margin=\u00a0\u00bbtrue\u00a0\u00bb parallax_image=\u00a0\u00bb\u00a0\u00bb bg_color=\u00a0\u00bb#f7f7f7&Prime;][vc_column fade_animation=\u00a0\u00bbin-from-right\u00a0\u00bb &#8230; <a href=\"https:\/\/www.photobooth.lu\/fr\/\" class=\"more-link\">Read More<\/a><\/p>\n","protected":false},"author":1,"featured_media":0,"parent":0,"menu_order":0,"comment_status":"closed","ping_status":"open","template":"template-blank-4.php","meta":[],"yoast_head":"<!-- This site is optimized with the Yoast SEO plugin v18.1 - https:\/\/yoast.com\/wordpress\/plugins\/seo\/ -->\n<title>Le Photobooth Luxembourg - Votre animation Photomaton<\/title>\n<meta name=\"description\" content=\"Animez votre \u00e9v\u00e9nement avec notre Photomaton personnalisable - customizez les impressions photo, le menu et l&#039;habillage cabine | Animation et divertissement\" \/>\n<meta name=\"robots\" content=\"index, follow, max-snippet:-1, max-image-preview:large, max-video-preview:-1\" \/>\n<link rel=\"canonical\" href=\"https:\/\/www.photobooth.lu\/\" \/>\n<meta property=\"og:locale\" content=\"fr_FR\" \/>\n<meta property=\"og:type\" content=\"article\" \/>\n<meta property=\"og:title\" content=\"Le Photobooth Luxembourg - Votre animation Photomaton\" \/>\n<meta property=\"og:description\" content=\"Animez votre \u00e9v\u00e9nement avec notre Photomaton personnalisable - customizez les impressions photo, le menu et l&#039;habillage cabine | Animation et divertissement\" \/>\n<meta property=\"og:url\" content=\"https:\/\/www.photobooth.lu\/\" \/>\n<meta property=\"og:site_name\" content=\"Le Photobooth Luxembourg\" \/>\n<meta property=\"article:publisher\" content=\"https:\/\/www.facebook.com\/photobooth.lu\" \/>\n<meta property=\"article:modified_time\" content=\"2016-04-20T09:34:55+00:00\" \/>\n<meta property=\"og:image\" content=\"https:\/\/www.photobooth.lu\/wp-content\/uploads\/2014\/03\/Fb_Photobooth-01.png\" \/>\n\t<meta property=\"og:image:width\" content=\"1200\" \/>\n\t<meta property=\"og:image:height\" content=\"630\" \/>\n\t<meta property=\"og:image:type\" content=\"image\/png\" \/>\n<meta name=\"twitter:label1\" content=\"Dur\u00e9e de lecture estim\u00e9e\" \/>\n\t<meta name=\"twitter:data1\" content=\"10 minutes\" \/>\n<script type=\"application\/ld+json\" class=\"yoast-schema-graph\">{\"@context\":\"https:\/\/schema.org\",\"@graph\":[{\"@type\":\"WebSite\",\"@id\":\"https:\/\/www.photobooth.lu\/fr\/#website\",\"url\":\"https:\/\/www.photobooth.lu\/fr\/\",\"name\":\"Le Photobooth Luxembourg\",\"description\":\"Custom event photobooths in Luxembourg\",\"potentialAction\":[{\"@type\":\"SearchAction\",\"target\":{\"@type\":\"EntryPoint\",\"urlTemplate\":\"https:\/\/www.photobooth.lu\/fr\/?s={search_term_string}\"},\"query-input\":\"required name=search_term_string\"}],\"inLanguage\":\"fr-FR\"},{\"@type\":\"ImageObject\",\"@id\":\"https:\/\/www.photobooth.lu\/#primaryimage\",\"inLanguage\":\"fr-FR\",\"url\":\"https:\/\/www.photobooth.lu\/wp-content\/uploads\/2014\/03\/Fb_Photobooth-01.png\",\"contentUrl\":\"https:\/\/www.photobooth.lu\/wp-content\/uploads\/2014\/03\/Fb_Photobooth-01.png\",\"width\":1200,\"height\":630},{\"@type\":\"WebPage\",\"@id\":\"https:\/\/www.photobooth.lu\/#webpage\",\"url\":\"https:\/\/www.photobooth.lu\/\",\"name\":\"Le Photobooth Luxembourg - Votre animation Photomaton\",\"isPartOf\":{\"@id\":\"https:\/\/www.photobooth.lu\/fr\/#website\"},\"datePublished\":\"2014-01-30T14:20:18+00:00\",\"dateModified\":\"2016-04-20T09:34:55+00:00\",\"description\":\"Animez votre \u00e9v\u00e9nement avec notre Photomaton personnalisable - customizez les impressions photo, le menu et l'habillage cabine | Animation et divertissement\",\"breadcrumb\":{\"@id\":\"https:\/\/www.photobooth.lu\/#breadcrumb\"},\"inLanguage\":\"fr-FR\",\"potentialAction\":[{\"@type\":\"ReadAction\",\"target\":[\"https:\/\/www.photobooth.lu\/\"]}]},{\"@type\":\"BreadcrumbList\",\"@id\":\"https:\/\/www.photobooth.lu\/#breadcrumb\",\"itemListElement\":[{\"@type\":\"ListItem\",\"position\":1,\"name\":\"Home\",\"item\":\"https:\/\/www.photobooth.lu\/\"},{\"@type\":\"ListItem\",\"position\":2,\"name\":\"Home\"}]}]}<\/script>\n<!-- \/ Yoast SEO plugin. -->","yoast_head_json":{"title":"Le Photobooth Luxembourg - Votre animation Photomaton","description":"Animez votre \u00e9v\u00e9nement avec notre Photomaton personnalisable - customizez les impressions photo, le menu et l'habillage cabine | Animation et divertissement","robots":{"index":"index","follow":"follow","max-snippet":"max-snippet:-1","max-image-preview":"max-image-preview:large","max-video-preview":"max-video-preview:-1"},"canonical":"https:\/\/www.photobooth.lu\/","og_locale":"fr_FR","og_type":"article","og_title":"Le Photobooth Luxembourg - Votre animation Photomaton","og_description":"Animez votre \u00e9v\u00e9nement avec notre Photomaton personnalisable - customizez les impressions photo, le menu et l'habillage cabine | Animation et divertissement","og_url":"https:\/\/www.photobooth.lu\/","og_site_name":"Le Photobooth Luxembourg","article_publisher":"https:\/\/www.facebook.com\/photobooth.lu","article_modified_time":"2016-04-20T09:34:55+00:00","og_image":[{"width":1200,"height":630,"url":"https:\/\/www.photobooth.lu\/wp-content\/uploads\/2014\/03\/Fb_Photobooth-01.png","type":"image\/png"}],"twitter_misc":{"Dur\u00e9e de lecture estim\u00e9e":"10 minutes"},"schema":{"@context":"https:\/\/schema.org","@graph":[{"@type":"WebSite","@id":"https:\/\/www.photobooth.lu\/fr\/#website","url":"https:\/\/www.photobooth.lu\/fr\/","name":"Le Photobooth Luxembourg","description":"Custom event photobooths in Luxembourg","potentialAction":[{"@type":"SearchAction","target":{"@type":"EntryPoint","urlTemplate":"https:\/\/www.photobooth.lu\/fr\/?s={search_term_string}"},"query-input":"required name=search_term_string"}],"inLanguage":"fr-FR"},{"@type":"ImageObject","@id":"https:\/\/www.photobooth.lu\/#primaryimage","inLanguage":"fr-FR","url":"https:\/\/www.photobooth.lu\/wp-content\/uploads\/2014\/03\/Fb_Photobooth-01.png","contentUrl":"https:\/\/www.photobooth.lu\/wp-content\/uploads\/2014\/03\/Fb_Photobooth-01.png","width":1200,"height":630},{"@type":"WebPage","@id":"https:\/\/www.photobooth.lu\/#webpage","url":"https:\/\/www.photobooth.lu\/","name":"Le Photobooth Luxembourg - Votre animation Photomaton","isPartOf":{"@id":"https:\/\/www.photobooth.lu\/fr\/#website"},"datePublished":"2014-01-30T14:20:18+00:00","dateModified":"2016-04-20T09:34:55+00:00","description":"Animez votre \u00e9v\u00e9nement avec notre Photomaton personnalisable - customizez les impressions photo, le menu et l'habillage cabine | Animation et divertissement","breadcrumb":{"@id":"https:\/\/www.photobooth.lu\/#breadcrumb"},"inLanguage":"fr-FR","potentialAction":[{"@type":"ReadAction","target":["https:\/\/www.photobooth.lu\/"]}]},{"@type":"BreadcrumbList","@id":"https:\/\/www.photobooth.lu\/#breadcrumb","itemListElement":[{"@type":"ListItem","position":1,"name":"Home","item":"https:\/\/www.photobooth.lu\/"},{"@type":"ListItem","position":2,"name":"Home"}]}]}},"post_mailing_queue_ids":[],"_links":{"self":[{"href":"https:\/\/www.photobooth.lu\/fr\/wp-json\/wp\/v2\/pages\/1118"}],"collection":[{"href":"https:\/\/www.photobooth.lu\/fr\/wp-json\/wp\/v2\/pages"}],"about":[{"href":"https:\/\/www.photobooth.lu\/fr\/wp-json\/wp\/v2\/types\/page"}],"author":[{"embeddable":true,"href":"https:\/\/www.photobooth.lu\/fr\/wp-json\/wp\/v2\/users\/1"}],"replies":[{"embeddable":true,"href":"https:\/\/www.photobooth.lu\/fr\/wp-json\/wp\/v2\/comments?post=1118"}],"version-history":[{"count":438,"href":"https:\/\/www.photobooth.lu\/fr\/wp-json\/wp\/v2\/pages\/1118\/revisions"}],"predecessor-version":[{"id":13076,"href":"https:\/\/www.photobooth.lu\/fr\/wp-json\/wp\/v2\/pages\/1118\/revisions\/13076"}],"wp:attachment":[{"href":"https:\/\/www.photobooth.lu\/fr\/wp-json\/wp\/v2\/media?parent=1118"}],"curies":[{"name":"wp","href":"https:\/\/api.w.org\/{rel}","templated":true}]}}