{"id":111,"date":"2014-01-17T18:56:50","date_gmt":"2014-01-17T17:56:50","guid":{"rendered":"http:\/\/www.photobooth.lu\/?page_id=111"},"modified":"2018-11-15T22:17:22","modified_gmt":"2018-11-15T21:17:22","slug":"contact","status":"publish","type":"page","link":"https:\/\/www.photobooth.lu\/fr\/contact\/","title":{"rendered":"Contact"},"content":{"rendered":"[vc_row inner_container=\u00a0\u00bbtrue\u00a0\u00bb no_margin=\u00a0\u00bbtrue\u00a0\u00bb bg_color=\u00a0\u00bb#ededed\u00a0\u00bb][vc_column width=\u00a0\u00bb1\/1&Prime;]<span id=\"x-responsive-text-2\" data-x-element=\"responsive_text\" data-x-params=\"{&quot;selector&quot;:&quot;p&quot;,&quot;compression&quot;:&quot;1.5&quot;,&quot;minFontSize&quot;:&quot;8pt&quot;,&quot;maxFontSize&quot;:&quot;15pt&quot;}\"><\/span><img  class=\"x-img\" style=\"width: 400px; display: block; margin-left: auto; margin-right: auto;\" src=\"https:\/\/www.photobooth.lu\/wp-content\/uploads\/2014\/01\/contact-01.png\" >[\/vc_column][\/vc_row][vc_row inner_container=\u00a0\u00bbtrue\u00a0\u00bb no_margin=\u00a0\u00bbtrue\u00a0\u00bb][vc_column width=\u00a0\u00bb1\/3&Prime;]<hr  class=\"x-gap\" style=\"margin: 60px 0 0 0;\"><img  class=\"x-img\" style=\"width: 220px; display: block; margin-left: auto; margin-right: auto;\" src=\"https:\/\/www.photobooth.lu\/wp-content\/uploads\/2014\/01\/nousparler.png\" ><img  class=\"x-img\" style=\"width: 30px; display: block; margin-left: auto; margin-right: auto;\" src=\"https:\/\/www.photobooth.lu\/wp-content\/uploads\/2014\/01\/cicon-02.png\" ><p style=\"text-align: center;\">(+352) 26 360 560<\/p>\n<a id=\"mail\" class=\"x-img x-img-link\" style=\"width: 30px; display: block; margin-left: auto; margin-right: auto;\" href=\"mailto: photobooth@studion.lu\"     data-options=\"thumbnail: 'https:\/\/www.photobooth.lu\/wp-content\/uploads\/2014\/01\/cicon-03.png'\"><img src=\"https:\/\/www.photobooth.lu\/wp-content\/uploads\/2014\/01\/cicon-03.png\" ><\/a><p style=\"text-align: center;\">photobooth@xantor.com<\/p>\n[\/vc_column][vc_column width=\u00a0\u00bb1\/3&Prime;]<hr  class=\"x-gap\" style=\"margin: 60px 0 0 0;\"><img  class=\"x-img\" style=\"width: 220px; display: block; margin-left: auto; margin-right: auto;\" src=\"https:\/\/www.photobooth.lu\/wp-content\/uploads\/2014\/01\/nousrenc.png\" ><img  class=\"x-img\" style=\"width: 30px; display: block; margin-left: auto; margin-right: auto;\" src=\"https:\/\/www.photobooth.lu\/wp-content\/uploads\/2014\/01\/cicon-01.png\" ><p style=\"text-align: center;\">75, avenue Grande-Duchesse Charlotte \u00a0 \u00a0 \u00a0L-3441 Dudelange Luxembourg<\/p>\n[vc_row_inner inner_container=\u00a0\u00bbtrue\u00a0\u00bb no_margin=\u00a0\u00bbtrue\u00a0\u00bb][vc_column_inner width=\u00a0\u00bb1\/2&Prime;]<a id=\"studion\" class=\"x-img x-img-link\" style=\"display: block; margin-left: auto; margin-right: auto;\" href=\"http:\/\/www.studion.lu\" title=\"Studion Photography\" target=\"_blank\" rel=\"\" data-x-element=\"extra\" data-x-params=\"{&quot;type&quot;:&quot;tooltip&quot;,&quot;trigger&quot;:&quot;&quot;,&quot;placement&quot;:&quot;bottom&quot;,&quot;title&quot;:&quot;&quot;,&quot;content&quot;:&quot;&quot;}\"  data-options=\"thumbnail: 'https:\/\/www.photobooth.lu\/wp-content\/uploads\/2014\/01\/xantorbutton-011-e1423586391886.png'\"><img src=\"https:\/\/www.photobooth.lu\/wp-content\/uploads\/2014\/01\/xantorbutton-011-e1423586391886.png\" ><\/a>[\/vc_column_inner][vc_column_inner width=\u00a0\u00bb1\/2&Prime;]<a id=\"xantor\" class=\"x-img x-img-link\" style=\"display: block; margin-left: auto; margin-right: auto;\" href=\"http:\/\/www.xantor.com\" title=\"Xantor Cool Electronics\" target=\"_blank\" rel=\"\" data-x-element=\"extra\" data-x-params=\"{&quot;type&quot;:&quot;tooltip&quot;,&quot;trigger&quot;:&quot;&quot;,&quot;placement&quot;:&quot;bottom&quot;,&quot;title&quot;:&quot;&quot;,&quot;content&quot;:&quot;&quot;}\"  data-options=\"thumbnail: 'https:\/\/www.photobooth.lu\/wp-content\/uploads\/2014\/01\/xantorbutton-021-e1423586413525.png'\"><img src=\"https:\/\/www.photobooth.lu\/wp-content\/uploads\/2014\/01\/xantorbutton-021-e1423586413525.png\" ><\/a>[\/vc_column_inner][\/vc_row_inner][\/vc_column][vc_column width=\u00a0\u00bb1\/3&Prime;]<hr  class=\"x-gap\" style=\"margin: 60px 0 0 0;\"><img  class=\"x-img\" style=\"width: 220px; display: block; margin-left: auto; margin-right: auto;\" src=\"https:\/\/www.photobooth.lu\/wp-content\/uploads\/2014\/01\/quisommes.png\" ><img  class=\"x-img\" style=\"width: 30px; display: block; margin-left: auto; margin-right: auto;\" src=\"https:\/\/www.photobooth.lu\/wp-content\/uploads\/2014\/01\/cicon-04.png\" ><p style=\"text-align: center;\">Le PhotoBooth fait partie de Xantor S.A. Nous sommes une \u00e9quipe de jeunes photographes et graphistes, et sommes l\u00e0 pour cr\u00e9er la meilleure exp\u00e9rience PhotoBooth que vous connaitrez.<\/p>\n[\/vc_column][\/vc_row][vc_row no_margin=\u00a0\u00bbtrue\u00a0\u00bb][vc_column width=\u00a0\u00bb1\/1&Prime;]<hr  class=\"x-gap\" style=\"margin: 60px 0 0 0;\"><div  class=\"x-map embed\" ><div class=\"x-map-inner\"><iframe loading=\"lazy\" id=\"ifrm\" src=\"\/map\/GoogleMaps.html\" width=\"320\" height=\"240\"><\/iframe><\/div><\/div>[\/vc_column][\/vc_row]","protected":false},"excerpt":{"rendered":"<p>[vc_row inner_container=\u00a0\u00bbtrue\u00a0\u00bb no_margin=\u00a0\u00bbtrue\u00a0\u00bb bg_color=\u00a0\u00bb#ededed\u00a0\u00bb][vc_column width=\u00a0\u00bb1\/1&Prime;][\/vc_column][\/vc_row][vc_row inner_container=\u00a0\u00bbtrue\u00a0\u00bb no_margin=\u00a0\u00bbtrue\u00a0\u00bb][vc_column width=\u00a0\u00bb1\/3&Prime;][\/vc_column][vc_column width=\u00a0\u00bb1\/3&Prime;][vc_row_inner inner_container=\u00a0\u00bbtrue\u00a0\u00bb no_margin=\u00a0\u00bbtrue\u00a0\u00bb][vc_column_inner width=\u00a0\u00bb1\/2&Prime;][\/vc_column_inner][vc_column_inner width=\u00a0\u00bb1\/2&Prime;][\/vc_column_inner][\/vc_row_inner][\/vc_column][vc_column width=\u00a0\u00bb1\/3&Prime;][\/vc_column][\/vc_row][vc_row no_margin=\u00a0\u00bbtrue\u00a0\u00bb][vc_column width=\u00a0\u00bb1\/1&Prime;][\/vc_column][\/vc_row]<\/p>\n","protected":false},"author":1,"featured_media":0,"parent":0,"menu_order":0,"comment_status":"closed","ping_status":"closed","template":"template-blank-4.php","meta":[],"yoast_head":"<!-- This site is optimized with the Yoast SEO plugin v18.1 - https:\/\/yoast.com\/wordpress\/plugins\/seo\/ -->\n<title>Le Photobooth Luxembourg Contact<\/title>\n<meta name=\"description\" content=\"Contactez-nous au num\u00e9ro (+352) 26 360 560 pour r\u00e9server votre Photobooth\" \/>\n<meta name=\"robots\" content=\"index, follow, max-snippet:-1, max-image-preview:large, max-video-preview:-1\" \/>\n<link rel=\"canonical\" href=\"https:\/\/www.photobooth.lu\/contact\/\" \/>\n<meta property=\"og:locale\" content=\"fr_FR\" \/>\n<meta property=\"og:type\" content=\"article\" \/>\n<meta property=\"og:title\" content=\"Le Photobooth Luxembourg Contact\" \/>\n<meta property=\"og:description\" content=\"Contactez-nous au num\u00e9ro (+352) 26 360 560 pour r\u00e9server votre Photobooth\" \/>\n<meta property=\"og:url\" content=\"https:\/\/www.photobooth.lu\/contact\/\" \/>\n<meta property=\"og:site_name\" content=\"Le Photobooth Luxembourg\" \/>\n<meta property=\"article:publisher\" content=\"https:\/\/www.facebook.com\/photobooth.lu\" \/>\n<meta property=\"article:modified_time\" content=\"2018-11-15T21:17:22+00:00\" \/>\n<meta property=\"og:image\" content=\"https:\/\/www.photobooth.lu\/wp-content\/uploads\/2014\/03\/FB_share_image-01.png\" \/>\n\t<meta property=\"og:image:width\" content=\"1200\" \/>\n\t<meta property=\"og:image:height\" content=\"630\" \/>\n\t<meta property=\"og:image:type\" content=\"image\/png\" \/>\n<meta name=\"twitter:label1\" content=\"Dur\u00e9e de lecture estim\u00e9e\" \/>\n\t<meta name=\"twitter:data1\" content=\"5 minutes\" \/>\n<script type=\"application\/ld+json\" class=\"yoast-schema-graph\">{\"@context\":\"https:\/\/schema.org\",\"@graph\":[{\"@type\":\"WebSite\",\"@id\":\"https:\/\/www.photobooth.lu\/fr\/#website\",\"url\":\"https:\/\/www.photobooth.lu\/fr\/\",\"name\":\"Le Photobooth Luxembourg\",\"description\":\"Custom event photobooths in Luxembourg\",\"potentialAction\":[{\"@type\":\"SearchAction\",\"target\":{\"@type\":\"EntryPoint\",\"urlTemplate\":\"https:\/\/www.photobooth.lu\/fr\/?s={search_term_string}\"},\"query-input\":\"required name=search_term_string\"}],\"inLanguage\":\"fr-FR\"},{\"@type\":\"ImageObject\",\"@id\":\"https:\/\/www.photobooth.lu\/contact\/#primaryimage\",\"inLanguage\":\"fr-FR\",\"url\":\"https:\/\/www.photobooth.lu\/wp-content\/uploads\/2014\/03\/FB_share_image-01.png\",\"contentUrl\":\"https:\/\/www.photobooth.lu\/wp-content\/uploads\/2014\/03\/FB_share_image-01.png\",\"width\":1200,\"height\":630},{\"@type\":\"WebPage\",\"@id\":\"https:\/\/www.photobooth.lu\/contact\/#webpage\",\"url\":\"https:\/\/www.photobooth.lu\/contact\/\",\"name\":\"Le Photobooth Luxembourg Contact\",\"isPartOf\":{\"@id\":\"https:\/\/www.photobooth.lu\/fr\/#website\"},\"datePublished\":\"2014-01-17T17:56:50+00:00\",\"dateModified\":\"2018-11-15T21:17:22+00:00\",\"description\":\"Contactez-nous au num\u00e9ro (+352) 26 360 560 pour r\u00e9server votre Photobooth\",\"breadcrumb\":{\"@id\":\"https:\/\/www.photobooth.lu\/contact\/#breadcrumb\"},\"inLanguage\":\"fr-FR\",\"potentialAction\":[{\"@type\":\"ReadAction\",\"target\":[\"https:\/\/www.photobooth.lu\/contact\/\"]}]},{\"@type\":\"BreadcrumbList\",\"@id\":\"https:\/\/www.photobooth.lu\/contact\/#breadcrumb\",\"itemListElement\":[{\"@type\":\"ListItem\",\"position\":1,\"name\":\"Home\",\"item\":\"https:\/\/www.photobooth.lu\/\"},{\"@type\":\"ListItem\",\"position\":2,\"name\":\"CONTACT\"}]}]}<\/script>\n<!-- \/ Yoast SEO plugin. -->","yoast_head_json":{"title":"Le Photobooth Luxembourg Contact","description":"Contactez-nous au num\u00e9ro (+352) 26 360 560 pour r\u00e9server votre Photobooth","robots":{"index":"index","follow":"follow","max-snippet":"max-snippet:-1","max-image-preview":"max-image-preview:large","max-video-preview":"max-video-preview:-1"},"canonical":"https:\/\/www.photobooth.lu\/contact\/","og_locale":"fr_FR","og_type":"article","og_title":"Le Photobooth Luxembourg Contact","og_description":"Contactez-nous au num\u00e9ro (+352) 26 360 560 pour r\u00e9server votre Photobooth","og_url":"https:\/\/www.photobooth.lu\/contact\/","og_site_name":"Le Photobooth Luxembourg","article_publisher":"https:\/\/www.facebook.com\/photobooth.lu","article_modified_time":"2018-11-15T21:17:22+00:00","og_image":[{"width":1200,"height":630,"url":"https:\/\/www.photobooth.lu\/wp-content\/uploads\/2014\/03\/FB_share_image-01.png","type":"image\/png"}],"twitter_misc":{"Dur\u00e9e de lecture estim\u00e9e":"5 minutes"},"schema":{"@context":"https:\/\/schema.org","@graph":[{"@type":"WebSite","@id":"https:\/\/www.photobooth.lu\/fr\/#website","url":"https:\/\/www.photobooth.lu\/fr\/","name":"Le Photobooth Luxembourg","description":"Custom event photobooths in Luxembourg","potentialAction":[{"@type":"SearchAction","target":{"@type":"EntryPoint","urlTemplate":"https:\/\/www.photobooth.lu\/fr\/?s={search_term_string}"},"query-input":"required name=search_term_string"}],"inLanguage":"fr-FR"},{"@type":"ImageObject","@id":"https:\/\/www.photobooth.lu\/contact\/#primaryimage","inLanguage":"fr-FR","url":"https:\/\/www.photobooth.lu\/wp-content\/uploads\/2014\/03\/FB_share_image-01.png","contentUrl":"https:\/\/www.photobooth.lu\/wp-content\/uploads\/2014\/03\/FB_share_image-01.png","width":1200,"height":630},{"@type":"WebPage","@id":"https:\/\/www.photobooth.lu\/contact\/#webpage","url":"https:\/\/www.photobooth.lu\/contact\/","name":"Le Photobooth Luxembourg Contact","isPartOf":{"@id":"https:\/\/www.photobooth.lu\/fr\/#website"},"datePublished":"2014-01-17T17:56:50+00:00","dateModified":"2018-11-15T21:17:22+00:00","description":"Contactez-nous au num\u00e9ro (+352) 26 360 560 pour r\u00e9server votre Photobooth","breadcrumb":{"@id":"https:\/\/www.photobooth.lu\/contact\/#breadcrumb"},"inLanguage":"fr-FR","potentialAction":[{"@type":"ReadAction","target":["https:\/\/www.photobooth.lu\/contact\/"]}]},{"@type":"BreadcrumbList","@id":"https:\/\/www.photobooth.lu\/contact\/#breadcrumb","itemListElement":[{"@type":"ListItem","position":1,"name":"Home","item":"https:\/\/www.photobooth.lu\/"},{"@type":"ListItem","position":2,"name":"CONTACT"}]}]}},"post_mailing_queue_ids":[],"_links":{"self":[{"href":"https:\/\/www.photobooth.lu\/fr\/wp-json\/wp\/v2\/pages\/111"}],"collection":[{"href":"https:\/\/www.photobooth.lu\/fr\/wp-json\/wp\/v2\/pages"}],"about":[{"href":"https:\/\/www.photobooth.lu\/fr\/wp-json\/wp\/v2\/types\/page"}],"author":[{"embeddable":true,"href":"https:\/\/www.photobooth.lu\/fr\/wp-json\/wp\/v2\/users\/1"}],"replies":[{"embeddable":true,"href":"https:\/\/www.photobooth.lu\/fr\/wp-json\/wp\/v2\/comments?post=111"}],"version-history":[{"count":217,"href":"https:\/\/www.photobooth.lu\/fr\/wp-json\/wp\/v2\/pages\/111\/revisions"}],"predecessor-version":[{"id":37469,"href":"https:\/\/www.photobooth.lu\/fr\/wp-json\/wp\/v2\/pages\/111\/revisions\/37469"}],"wp:attachment":[{"href":"https:\/\/www.photobooth.lu\/fr\/wp-json\/wp\/v2\/media?parent=111"}],"curies":[{"name":"wp","href":"https:\/\/api.w.org\/{rel}","templated":true}]}}